{"id":5448,"date":"2025-09-24T09:40:36","date_gmt":"2025-09-24T07:40:36","guid":{"rendered":"https:\/\/eurocontain.de\/?post_type=product&#038;p=5448"},"modified":"2026-04-17T09:20:42","modified_gmt":"2026-04-17T07:20:42","slug":"%d0%b1%d1%83%d0%b5%d1%80%d0%be%d0%ba%d0%be%d0%bd%d1%82%d0%b5%d0%b9%d0%bd%d0%b5%d1%8020-%d1%84%d1%83%d1%82%d1%96%d0%b2-%d0%b0%d0%b1%d1%81%d0%be%d0%bb%d1%8e%d1%82%d0%bd%d0%be-%d0%bd%d0%be%d0%b2%d0%b8","status":"publish","type":"product","link":"https:\/\/eurocontain.de\/uk\/%d0%ba%d0%be%d0%bd%d1%82%d0%b5%d0%b9%d0%bd%d0%b5%d1%80\/%d0%b1%d1%83%d0%b5%d1%80%d0%be%d0%ba%d0%be%d0%bd%d1%82%d0%b5%d0%b9%d0%bd%d0%b5%d1%8020-%d1%84%d1%83%d1%82%d1%96%d0%b2-%d0%b0%d0%b1%d1%81%d0%be%d0%bb%d1%8e%d1%82%d0%bd%d0%be-%d0%bd%d0%be%d0%b2%d0%b8\/","title":{"rendered":"\u041e\u0444\u0456\u0441\u043d\u0438\u0439 \u043a\u043e\u043d\u0442\u0435\u0439\u043d\u0435\u0440 '20 \u0444\u0443\u0442\u0456\u0432 - \u0430\u0431\u0441\u043e\u043b\u044e\u0442\u043d\u043e \u043d\u043e\u0432\u0438\u0439 - #126"},"content":{"rendered":"<p><strong>\u041e\u0444\u0456\u0441\u043d\u0438\u0439 \u043a\u043e\u043d\u0442\u0435\u0439\u043d\u0435\u0440 20 \u0444\u0443\u0442\u0456\u0432 - \u0430\u0431\u0441\u043e\u043b\u044e\u0442\u043d\u043e \u043d\u043e\u0432\u0438\u0439<\/strong><br \/>\n<strong>Au\u00dfenlackierung in RAL-Farbe 7035 lichgrau<\/strong><br \/>\n\u0420\u043e\u0437\u043c\u0456\u0440\u0438: \u0414: 6 058 x \u0428: 2 438 x \u0412: 2 830 \u043c\u043c<br \/>\n\u0412\u0438\u0441\u043e\u0442\u0430 \u0432\u043d\u0443\u0442\u0440\u0456\u0448\u043d\u044c\u043e\u0433\u043e \u043f\u0440\u0438\u043c\u0456\u0449\u0435\u043d\u043d\u044f: RIH: 2 500 \u043c\u043c<br \/>\n\u0421\u043f\u043e\u0440\u044f\u0434\u0436\u0435\u043d\u043d\u044f:<br \/>\n1 x Stahlau\u00dfent\u00fcre 875 x 2.000 mm mit<br \/>\n\u041f\u0440\u043e\u0444\u0456\u043b\u044c\u043d\u0438\u0439 \u0446\u0438\u043b\u0456\u043d\u0434\u0440\u043e\u0432\u0438\u0439 \u0437\u0430\u043c\u043e\u043a \u0432 \u043a\u043e\u043c\u043f\u043b\u0435\u043a\u0442\u0456 \u0437 3 \u043a\u043b\u044e\u0447\u0430\u043c\u0438,<br \/>\n1 x \u043f\u043e\u043f\u0435\u0440\u0435\u0434\u043d\u044c\u043e \u0437\u0456\u0431\u0440\u0430\u043d\u0438\u0439 \u0434\u0432\u0435\u0440\u043d\u0438\u0439 \u0442\u0440\u0438\u043c\u0430\u0447,<br \/>\n1 x \u0434\u043e\u0449\u043e\u043f\u0440\u0438\u0439\u043c\u0430\u0447,<br \/>\n1 x Doppelfenster 1.756 x 1.422 mm mit D\/K Beschlag<br \/>\nund Kunststoffrollladen mit Gurtstraffer 1,1 U-Wert \/ m\u00b2K,<br \/>\n\u0415\u043b\u0435\u043a\u0442\u0440\u043e\u043c\u043e\u043d\u0442\u0430\u0436 \u0441\u043a\u043b\u0430\u0434\u0430\u0454\u0442\u044c\u0441\u044f \u0437:<br \/>\n1 x \u043a\u043e\u043c\u0431\u0456\u043d\u0430\u0446\u0456\u044f \u0440\u043e\u0437\u0435\u0442\u043a\u0438 \/ \u0432\u0438\u043c\u0438\u043a\u0430\u0447\u0430,<br \/>\n2 x LED &#8211; Langfeldleuchten,<br \/>\n2 x Doppelsteckdosen,<br \/>\n1 x \u043a\u043e\u043d\u0432\u0435\u043a\u0442\u043e\u0440 \u043e\u043f\u0430\u043b\u0435\u043d\u043d\u044f 2,0 \u043a\u0412\u0442,<br \/>\n1x \u0431\u043b\u043e\u043a \u0437\u0430\u043f\u043e\u0431\u0456\u0436\u043d\u0438\u043a\u0456\u0432 \u0437 \u0423\u0417\u041e,<br \/>\n2x CEE \u0437\u043e\u0432\u043d\u0456\u0448\u043d\u0456\u0439 \u0448\u0442\u0435\u043a\u0435\u0440 32A 5-\u043a\u043e\u043d\u0442\u0430\u043a\u0442\u043d\u0438\u0439,<br \/>\n\u0406\u0437\u043e\u043b\u044f\u0446\u0456\u044f:<br \/>\nBoden: PU &#8211; Paneel = 100mm U = 0,27 W\/m\u00b2K<br \/>\nDach: PU &#8211; Paneel = 100 mm U = 0,27 W\/m\u00b2K<br \/>\nWand: PU-Paneel = 100 mm U = 0,23 W\/m\u00b2K<br \/>\nBodenbelag: PVC Bodenbelag 2,0 mm, grau<br \/>\nZementgebundene Bodenplatte, 19-20 mm<br \/>\nInnendekor: Metallw\u00e4nde in hell<br \/>\n\u0411\u0430\u0437\u043e\u0432\u0430 \u0435\u043b\u0435\u043a\u0442\u0440\u0438\u0447\u043d\u0430 \u0456\u043d\u0441\u0442\u0430\u043b\u044f\u0446\u0456\u044f \u043f\u0440\u0438\u0445\u043e\u0432\u0430\u043d\u043e\u0433\u043e \u043c\u043e\u043d\u0442\u0430\u0436\u0443 \u0437\u0433\u0456\u0434\u043d\u043e \u0437 OVE\/VDE<br \/>\n\u041a\u0438\u0448\u0435\u043d\u0456 \u0434\u043b\u044f \u0432\u0438\u043b\u043a\u043e\u0432\u043e\u0433\u043e \u043d\u0430\u0432\u0430\u043d\u0442\u0430\u0436\u0443\u0432\u0430\u0447\u0430 - \u043d\u0430\u0432\u0430\u043d\u0442\u0430\u0436\u0435\u043d\u043d\u044f \u043d\u0430 \u043f\u0456\u0434\u043b\u043e\u0433\u0443 300 \u043a\u0433\/\u043c\u00b2<br \/>\n\u043f\u043e\u0442\u0440\u0456\u0439\u043d\u0435 \u0448\u0442\u0430\u0431\u0435\u043b\u044e\u0432\u0430\u043d\u043d\u044f<\/p>","protected":false},"excerpt":{"rendered":"<p>B\u00fcrocontainer\u00b420 Fu\u00df &#8211; fabrikneu- Au\u00dfenlackierung in RAL-Farbe 7035 lichgrau Abmessungen: L: 6.058 x B: 2.438 x H: 2.830 mm Raum Innenh\u00f6he: RIH: 2.500 mm Ausstattung: 1 x Stahlau\u00dfent\u00fcre 875 x 2.000 mm mit Profilzylinderschlo\u00df inkl. 3 Schl\u00fcsseln, 1 x T\u00fcrhalter vormontiert, 1 x Regenablaufblech, 1 x Doppelfenster 1.756 x 1.422 mm mit D\/K Beschlag und [&hellip;]<\/p>","protected":false},"featured_media":5545,"comment_status":"open","ping_status":"closed","template":"","meta":[],"product_brand":[],"product_cat":[129,120],"product_tag":[],"class_list":{"0":"post-5448","1":"product","2":"type-product","3":"status-publish","4":"has-post-thumbnail","6":"product_cat-buerocontainer","7":"product_cat-raumcontainer","9":"first","10":"instock","11":"shipping-taxable","12":"purchasable","13":"product-type-simple"},"_links":{"self":[{"href":"https:\/\/eurocontain.de\/uk\/wp-json\/wp\/v2\/product\/5448","targetHints":{"allow":["GET"]}}],"collection":[{"href":"https:\/\/eurocontain.de\/uk\/wp-json\/wp\/v2\/product"}],"about":[{"href":"https:\/\/eurocontain.de\/uk\/wp-json\/wp\/v2\/types\/product"}],"replies":[{"embeddable":true,"href":"https:\/\/eurocontain.de\/uk\/wp-json\/wp\/v2\/comments?post=5448"}],"wp:featuredmedia":[{"embeddable":true,"href":"https:\/\/eurocontain.de\/uk\/wp-json\/wp\/v2\/media\/5545"}],"wp:attachment":[{"href":"https:\/\/eurocontain.de\/uk\/wp-json\/wp\/v2\/media?parent=5448"}],"wp:term":[{"taxonomy":"product_brand","embeddable":true,"href":"https:\/\/eurocontain.de\/uk\/wp-json\/wp\/v2\/product_brand?post=5448"},{"taxonomy":"product_cat","embeddable":true,"href":"https:\/\/eurocontain.de\/uk\/wp-json\/wp\/v2\/product_cat?post=5448"},{"taxonomy":"product_tag","embeddable":true,"href":"https:\/\/eurocontain.de\/uk\/wp-json\/wp\/v2\/product_tag?post=5448"}],"curies":[{"name":"wp","href":"https:\/\/api.w.org\/{rel}","templated":true}]}}