{"id":4399,"date":"2025-08-04T13:26:44","date_gmt":"2025-08-04T11:26:44","guid":{"rendered":"https:\/\/eurocontain.de\/?post_type=product&#038;p=4399"},"modified":"2026-04-17T09:09:06","modified_gmt":"2026-04-17T07:09:06","slug":"%d1%81%d0%b8%d1%81%d1%82%d0%b5%d0%bc%d0%b0-duo-93","status":"publish","type":"product","link":"https:\/\/eurocontain.de\/uk\/%d0%ba%d0%be%d0%bd%d1%82%d0%b5%d0%b9%d0%bd%d0%b5%d1%80\/%d1%81%d0%b8%d1%81%d1%82%d0%b5%d0%bc%d0%b0-duo-93\/","title":{"rendered":"\u0414\u0443\u043e-\u0441\u0438\u0441\u0442\u0435\u043c\u0430 #93"},"content":{"rendered":"<div class=\"elementor-element elementor-element-3d880a5 elementor-widget elementor-widget-heading\" data-id=\"3d880a5\" data-element_type=\"widget\" data-widget_type=\"heading.default\">\n<div class=\"elementor-widget-container\">\n<p class=\"elementor-heading-title elementor-size-default\"><strong>\u0421\u0438\u0441\u0442\u0435\u043c\u0430 Duo \u0441\u043a\u043b\u0430\u0434\u0430\u0454\u0442\u044c\u0441\u044f \u0437:<\/strong><br \/>\n<strong>2 \u043e\u0444\u0456\u0441\u043d\u0456 \u043a\u043e\u043d\u0442\u0435\u0439\u043d\u0435\u0440\u0438 20 \u0444\u0443\u0442\u0456\u0432 - \u0430\u0431\u0441\u043e\u043b\u044e\u0442\u043d\u043e \u043d\u043e\u0432\u0456<\/strong><\/p>\n<\/div>\n<\/div>\n<div class=\"elementor-element elementor-element-df852dd elementor-widget elementor-widget-text-editor\" data-id=\"df852dd\" data-element_type=\"widget\" data-widget_type=\"text-editor.default\">\n<div class=\"elementor-widget-container\">\n<div class=\"wpb_text_column wpb_content_element\">\n<p>\u0417\u043e\u0432\u043d\u0456\u0448\u043d\u0454 \u043b\u0430\u043a\u043e\u0444\u0430\u0440\u0431\u043e\u0432\u0435 \u043f\u043e\u043a\u0440\u0438\u0442\u0442\u044f \u0432 \u043a\u043e\u043b\u044c\u043e\u0440\u0456 RAL: 9002 \u0441\u0456\u0440\u043e-\u0431\u0456\u043b\u0438\u0439<\/p>\n<p>\u0412\u0438\u043c\u0456\u0440:<br \/>\nL 6.058 x B 4.876 x 2.500mm-Innenh\u00f6he-<br \/>\nAu\u00dfenh\u00f6he: 2.830mm<\/p>\n<\/div>\n<\/div>\n<\/div>\n<h3 class=\"elementor-heading-title elementor-size-default\">\u0421\u043f\u043e\u0440\u044f\u0434\u0436\u0435\u043d\u043d\u044f:<\/h3>\n<ul>\n<li>1 x Stahlau\u00dfent\u00fcre 875 x 2.000 mm mit<br \/>\n\u041f\u0440\u043e\u0444\u0456\u043b\u044c\u043d\u0438\u0439 \u0446\u0438\u043b\u0456\u043d\u0434\u0440\u043e\u0432\u0438\u0439 \u0437\u0430\u043c\u043e\u043a \u0432 \u043a\u043e\u043c\u043f\u043b\u0435\u043a\u0442\u0456 \u0437 3 \u043a\u043b\u044e\u0447\u0430\u043c\u0438,<\/li>\n<li>1 x \u043f\u043e\u043f\u0435\u0440\u0435\u0434\u043d\u044c\u043e \u0437\u0456\u0431\u0440\u0430\u043d\u0438\u0439 \u0434\u0432\u0435\u0440\u043d\u0438\u0439 \u0442\u0440\u0438\u043c\u0430\u0447,<\/li>\n<li>1 x \u0434\u043e\u0449\u043e\u043f\u0440\u0438\u0439\u043c\u0430\u0447,<\/li>\n<li>10 x Fenster 940 x 1.422 mm mit D\/K Beschlag<br \/>\n\u0442\u0430 \u043f\u043b\u0430\u0441\u0442\u0438\u043a\u043e\u0432\u0456 \u0440\u043e\u043b\u0435\u0442\u0438 \u0437 \u0440\u0435\u043c\u0456\u043d\u043d\u0438\u043c\u0438 \u043d\u0430\u0442\u044f\u0436\u043d\u0438\u043c\u0438 \u043f\u0440\u0438\u0441\u0442\u0440\u043e\u044f\u043c\u0438,<\/li>\n<li><strong>\u0415\u043b\u0435\u043a\u0442\u0440\u043e\u043c\u043e\u043d\u0442\u0430\u0436 \u0441\u043a\u043b\u0430\u0434\u0430\u0454\u0442\u044c\u0441\u044f \u0437:<\/strong><\/li>\n<li>4 x \u0441\u0432\u0456\u0442\u043b\u043e\u0434\u0456\u043e\u0434\u043d\u0456 \u043b\u0456\u0445\u0442\u0430\u0440\u0456,<\/li>\n<li>6 \u043f\u043e\u0434\u0432\u0456\u0439\u043d\u0438\u0445 \u0440\u043e\u0437\u0435\u0442\u043e\u043a,<\/li>\n<li>1 x \u043a\u043e\u043c\u0431\u0456\u043d\u0430\u0446\u0456\u044f \u0440\u043e\u0437\u0435\u0442\u043a\u0438 \/ \u0432\u0438\u043c\u0438\u043a\u0430\u0447\u0430,<\/li>\n<li>2 x \u043a\u043e\u043d\u0432\u0435\u043a\u0442\u043e\u0440\u043d\u0438\u0439 \u043e\u0431\u0456\u0433\u0440\u0456\u0432\u0430\u0447 2,0 \u043a\u0412\u0442 Dimplex,<br \/>\n<strong>\u0406\u0437\u043e\u043b\u044f\u0446\u0456\u044f:<\/strong><\/li>\n<li>Boden: Mineralw. s = 100 mm U = 0,27 W\/m2K<\/li>\n<li>Dach: Mineralw. s = 100 mm U = 0,27 W\/m2K<\/li>\n<li>Wand: PU-Paneel s = 100 mm U = 0,23 W\/m2K<\/li>\n<li>\u041f\u043e\u043a\u0440\u0438\u0442\u0442\u044f \u043f\u0456\u0434\u043b\u043e\u0433\u0438: \u0446\u0435\u043c\u0435\u043d\u0442\u043d\u043e-\u0441\u0442\u0440\u0443\u0436\u043a\u043e\u0432\u0430 \u043f\u043b\u0438\u0442\u0430, 22 \u043c\u043c<br \/>\n\u041f\u043e\u043a\u0440\u0438\u0442\u0442\u044f \u0434\u043b\u044f \u043f\u0456\u0434\u043b\u043e\u0433\u0438 \u041f\u0412\u0425 2,0 \u043c\u043c, \u0441\u0456\u0440\u0435<\/li>\n<li>Innendekor: Blech glatt hell<br \/>\n\u041e\u0431\u0448\u0438\u0432\u043a\u0430 \u0441\u0442\u0435\u043b\u0456: \u0421\u0442\u0435\u043b\u044c\u043e\u0432\u0430 \u043f\u043b\u0438\u0442\u043a\u0430 \u0430\u0431\u043e \u043b\u0438\u0441\u0442\u043e\u0432\u0438\u0439 \u043c\u0435\u0442\u0430\u043b \u0441\u0432\u0456\u0442\u043b\u043e\u0433\u043e \u043a\u043e\u043b\u044c\u043e\u0440\u0443<\/li>\n<li>\u0411\u0430\u0437\u043e\u0432\u0430 \u0435\u043b\u0435\u043a\u0442\u0440\u0438\u0447\u043d\u0430 \u0456\u043d\u0441\u0442\u0430\u043b\u044f\u0446\u0456\u044f \u043f\u0440\u0438\u0445\u043e\u0432\u0430\u043d\u043e\u0433\u043e \u043c\u043e\u043d\u0442\u0430\u0436\u0443 \u0437\u0433\u0456\u0434\u043d\u043e \u0437 OVE\/VDE<\/li>\n<li>Staplertaschen \u2013 Bodenbelasbarkeit 300kg\/m\u00b2<\/li>\n<li>\u043f\u043e\u0442\u0440\u0456\u0439\u043d\u0435 \u0448\u0442\u0430\u0431\u0435\u043b\u044e\u0432\u0430\u043d\u043d\u044f<\/li>\n<\/ul>\n<p>&nbsp;<\/p>","protected":false},"excerpt":{"rendered":"<p>Duo-Anlage bestehend aus: 2 St\u00fcck B\u00fcrocontainer 20 Fu\u00df \u2013 fabrikneu Au\u00dfenlackierung in RAL-Farbe: 9002 grauwei\u00df Abmessung: L 6.058 x B 4.876 x 2.500mm-Innenh\u00f6he- Au\u00dfenh\u00f6he: 2.830mm Ausstattung: 1 x Stahlau\u00dfent\u00fcre 875 x 2.000 mm mit Profilzylinderschlo\u00df inkl. 3 Schl\u00fcsseln, 1 x T\u00fcrhalter vormontiert, 1 x Regenablaufblech, 10 x Fenster 940 x 1.422 mm mit D\/K Beschlag [&hellip;]<\/p>","protected":false},"featured_media":1178,"comment_status":"open","ping_status":"closed","template":"","meta":[],"product_brand":[],"product_cat":[125],"product_tag":[],"class_list":{"0":"post-4399","1":"product","2":"type-product","3":"status-publish","4":"has-post-thumbnail","6":"product_cat-containeranlage","8":"first","9":"instock","10":"shipping-taxable","11":"purchasable","12":"product-type-simple"},"_links":{"self":[{"href":"https:\/\/eurocontain.de\/uk\/wp-json\/wp\/v2\/product\/4399","targetHints":{"allow":["GET"]}}],"collection":[{"href":"https:\/\/eurocontain.de\/uk\/wp-json\/wp\/v2\/product"}],"about":[{"href":"https:\/\/eurocontain.de\/uk\/wp-json\/wp\/v2\/types\/product"}],"replies":[{"embeddable":true,"href":"https:\/\/eurocontain.de\/uk\/wp-json\/wp\/v2\/comments?post=4399"}],"wp:featuredmedia":[{"embeddable":true,"href":"https:\/\/eurocontain.de\/uk\/wp-json\/wp\/v2\/media\/1178"}],"wp:attachment":[{"href":"https:\/\/eurocontain.de\/uk\/wp-json\/wp\/v2\/media?parent=4399"}],"wp:term":[{"taxonomy":"product_brand","embeddable":true,"href":"https:\/\/eurocontain.de\/uk\/wp-json\/wp\/v2\/product_brand?post=4399"},{"taxonomy":"product_cat","embeddable":true,"href":"https:\/\/eurocontain.de\/uk\/wp-json\/wp\/v2\/product_cat?post=4399"},{"taxonomy":"product_tag","embeddable":true,"href":"https:\/\/eurocontain.de\/uk\/wp-json\/wp\/v2\/product_tag?post=4399"}],"curies":[{"name":"wp","href":"https:\/\/api.w.org\/{rel}","templated":true}]}}