{"id":4389,"date":"2025-08-04T12:51:11","date_gmt":"2025-08-04T10:51:11","guid":{"rendered":"https:\/\/eurocontain.de\/?post_type=product&#038;p=4389"},"modified":"2026-04-17T09:30:08","modified_gmt":"2026-04-17T07:30:08","slug":"%d0%bd%d0%be%d0%bc%d0%b5%d1%80%d0%bd%d0%b8%d0%b9-%d0%ba%d0%be%d0%bd%d1%82%d0%b5%d0%b9%d0%bd%d0%b5%d1%80-124","status":"publish","type":"product","link":"https:\/\/eurocontain.de\/uk\/%d0%ba%d0%be%d0%bd%d1%82%d0%b5%d0%b9%d0%bd%d0%b5%d1%80\/%d0%bd%d0%be%d0%bc%d0%b5%d1%80%d0%bd%d0%b8%d0%b9-%d0%ba%d0%be%d0%bd%d1%82%d0%b5%d0%b9%d0%bd%d0%b5%d1%80-124\/","title":{"rendered":"B\u00fcrocontainer mit WC-Trakt #124"},"content":{"rendered":"<div class=\"elementor-element elementor-element-df852dd elementor-widget elementor-widget-text-editor\" data-id=\"df852dd\" data-element_type=\"widget\" data-widget_type=\"text-editor.default\">\n<div class=\"elementor-widget-container\">\n<div>\n<p><strong>B\u00fcrocontainer mit WC-Trakt \u2013 Werksneu \u2013<\/strong><br \/>\n<strong>\u0417\u043e\u0432\u043d\u0456\u0448\u043d\u0454 \u043b\u0430\u043a\u043e\u0444\u0430\u0440\u0431\u043e\u0432\u0435 \u043f\u043e\u043a\u0440\u0438\u0442\u0442\u044f \u0432 \u043a\u043e\u043b\u044c\u043e\u0440\u0456 RAL: 7016 \u0430\u043d\u0442\u0440\u0430\u0446\u0438\u0442<\/strong><br \/>\n\u0412\u0438\u043c\u0456\u0440:<br \/>\nL 6.058 x B 2.438 x 2.500mm-Innenh\u00f6he-<br \/>\nAu\u00dfenh\u00f6he: 2.830mm<\/p>\n<\/div>\n<\/div>\n<\/div>\n<div class=\"elementor-element elementor-element-1730647 elementor-widget elementor-widget-text-editor\" data-id=\"1730647\" data-element_type=\"widget\" data-widget_type=\"text-editor.default\">\n<div class=\"elementor-widget-container\">\n<div>\n<p><strong>\u0421\u043f\u043e\u0440\u044f\u0434\u0436\u0435\u043d\u043d\u044f:<\/strong><br \/>\n1 x Stahlau\u00dfent\u00fcre 875 x 2.000 mm mit<br \/>\n\u041f\u0440\u043e\u0444\u0456\u043b\u044c\u043d\u0438\u0439 \u0446\u0438\u043b\u0456\u043d\u0434\u0440\u043e\u0432\u0438\u0439 \u0437\u0430\u043c\u043e\u043a \u0432 \u043a\u043e\u043c\u043f\u043b\u0435\u043a\u0442\u0456 \u0437 3 \u043a\u043b\u044e\u0447\u0430\u043c\u0438,<br \/>\n1 x \u043f\u043e\u043f\u0435\u0440\u0435\u0434\u043d\u044c\u043e \u0437\u0456\u0431\u0440\u0430\u043d\u0438\u0439 \u0434\u0432\u0435\u0440\u043d\u0438\u0439 \u0442\u0440\u0438\u043c\u0430\u0447,<br \/>\n1 x \u0434\u043e\u0449\u043e\u043f\u0440\u0438\u0439\u043c\u0430\u0447,<br \/>\n2 x Fenster 940 x 1.422 mm mit D\/K Beschlag<br \/>\nund Kunststoffrollladen mit Gurtstraffer 1,1 U-Wert \/ m\u00b2K,<br \/>\n<strong>\u0415\u043b\u0435\u043a\u0442\u0440\u043e\u043c\u043e\u043d\u0442\u0430\u0436 \u0441\u043a\u043b\u0430\u0434\u0430\u0454\u0442\u044c\u0441\u044f \u0437:<\/strong><br \/>\n1 x \u043a\u043e\u043c\u0431\u0456\u043d\u0430\u0446\u0456\u044f \u0440\u043e\u0437\u0435\u0442\u043a\u0438 \/ \u0432\u0438\u043c\u0438\u043a\u0430\u0447\u0430,<br \/>\n2 x LED \u2013 Langfeldleuchten,<br \/>\n3 x Doppelsteckdosen,<br \/>\n1 x \u043a\u043e\u043d\u0432\u0435\u043a\u0442\u043e\u0440 \u043e\u043f\u0430\u043b\u0435\u043d\u043d\u044f 2,0 \u043a\u0412\u0442,<br \/>\n1x \u0431\u043b\u043e\u043a \u0437\u0430\u043f\u043e\u0431\u0456\u0436\u043d\u0438\u043a\u0456\u0432 \u0437 \u0423\u0417\u041e,<br \/>\n2x CEE \u0437\u043e\u0432\u043d\u0456\u0448\u043d\u0456\u0439 \u0448\u0442\u0435\u043a\u0435\u0440 32A 5-\u043a\u043e\u043d\u0442\u0430\u043a\u0442\u043d\u0438\u0439,<br \/>\n<strong>\u0406\u0437\u043e\u043b\u044f\u0446\u0456\u044f:<\/strong><br \/>\nBoden: PU \u2013 Paneel = 100mm U = 0,27 W\/m\u00b2K<br \/>\nDach: PU \u2013 Paneel = 100 mm U = 0,27 W\/m\u00b2K<br \/>\nWand: PU-Paneel = 100 mm U = 0,23 W\/m\u00b2K<br \/>\nBodenbelag: PVC Bodenbelag 2,0 mm, grau<br \/>\nZementgebundene Bodenplatte, 19-20 mm<br \/>\nInnendekor: Metallw\u00e4nde in hell<br \/>\n\u0411\u0430\u0437\u043e\u0432\u0430 \u0435\u043b\u0435\u043a\u0442\u0440\u0438\u0447\u043d\u0430 \u0456\u043d\u0441\u0442\u0430\u043b\u044f\u0446\u0456\u044f \u043f\u0440\u0438\u0445\u043e\u0432\u0430\u043d\u043e\u0433\u043e \u043c\u043e\u043d\u0442\u0430\u0436\u0443 \u0437\u0433\u0456\u0434\u043d\u043e \u0437 OVE\/VDE<br \/>\nStaplertaschen \u2013 Bodenbelasbarkeit 300kg\/m\u00b2<br \/>\n\u043f\u043e\u0442\u0440\u0456\u0439\u043d\u0435 \u0448\u0442\u0430\u0431\u0435\u043b\u044e\u0432\u0430\u043d\u043d\u044f<br \/>\n<strong>\u0421\u0430\u043d\u0456\u0442\u0430\u0440\u043d\u0430 \u0456\u043d\u0441\u0442\u0430\u043b\u044f\u0446\u0456\u044f<\/strong>:<br \/>\n- 1x \u0443\u043c\u0438\u0432\u0430\u043b\u044c\u043d\u0438\u043a \u0434\u043b\u044f \u043c\u0438\u0442\u0442\u044f \u0440\u0443\u043a \u0437 \u0445\u043e\u043b\u043e\u0434\u043d\u043e\u044e\/\u0433\u0430\u0440\u044f\u0447\u043e\u044e \u0432\u043e\u0434\u043e\u044e,<br \/>\n- 1x \u0434\u0437\u0435\u0440\u043a\u0430\u043b\u043e, \u043f\u043e\u043b\u0438\u0446\u0456, \u0434\u043e\u0437\u0430\u0442\u043e\u0440 \u0434\u043b\u044f \u043c\u0438\u043b\u0430, \u0440\u0443\u0448\u043d\u0438\u043a\u043e\u0441\u0443\u0448\u043a\u0430,<br \/>\n- 1x \u0443\u043d\u0456\u0442\u0430\u0437 \u0437 \u043f\u0440\u0438\u043c\u0443\u0441\u043e\u0432\u0438\u043c \u0437\u043c\u0438\u0432\u043e\u043c,<br \/>\n- 1x \u0447\u0430\u0448\u0430 \u043f\u0456\u0441\u0443\u0430\u0440\u0430 \u0437 \u0437\u043c\u0438\u0432\u043e\u043c \u043f\u0456\u0434 \u0442\u0438\u0441\u043a\u043e\u043c<br \/>\n- 1x UT \u043f\u0440\u0438\u0441\u0442\u0440\u0456\u0439 5 \u043b\u0456\u0442\u0440\u0456\u0432,<\/p>\n<\/div>\n<p>&nbsp;<\/p>\n<\/div>\n<\/div>","protected":false},"excerpt":{"rendered":"<p>B\u00fcrocontainer mit WC-Trakt \u2013 Werksneu \u2013 Au\u00dfenlackierung in RAL-Farbe: 7016 anthrazit Abmessung: L 6.058 x B 2.438 x 2.500mm-Innenh\u00f6he- Au\u00dfenh\u00f6he: 2.830mm Ausstattung: 1 x Stahlau\u00dfent\u00fcre 875 x 2.000 mm mit Profilzylinderschlo\u00df inkl. 3 Schl\u00fcsseln, 1 x T\u00fcrhalter vormontiert, 1 x Regenablaufblech, 2 x Fenster 940 x 1.422 mm mit D\/K Beschlag und Kunststoffrollladen mit Gurtstraffer [&hellip;]<\/p>","protected":false},"featured_media":4244,"comment_status":"open","ping_status":"closed","template":"","meta":[],"product_brand":[],"product_cat":[122,129,131,120,121],"product_tag":[],"class_list":{"0":"post-4389","1":"product","2":"type-product","3":"status-publish","4":"has-post-thumbnail","6":"product_cat-raumcontainer-mit-wc-trakt","7":"product_cat-buerocontainer","8":"product_cat-buerocontainer-mit-wc-trakt","9":"product_cat-raumcontainer","10":"product_cat-wc-container","12":"first","13":"instock","14":"shipping-taxable","15":"purchasable","16":"product-type-simple"},"_links":{"self":[{"href":"https:\/\/eurocontain.de\/uk\/wp-json\/wp\/v2\/product\/4389","targetHints":{"allow":["GET"]}}],"collection":[{"href":"https:\/\/eurocontain.de\/uk\/wp-json\/wp\/v2\/product"}],"about":[{"href":"https:\/\/eurocontain.de\/uk\/wp-json\/wp\/v2\/types\/product"}],"replies":[{"embeddable":true,"href":"https:\/\/eurocontain.de\/uk\/wp-json\/wp\/v2\/comments?post=4389"}],"wp:featuredmedia":[{"embeddable":true,"href":"https:\/\/eurocontain.de\/uk\/wp-json\/wp\/v2\/media\/4244"}],"wp:attachment":[{"href":"https:\/\/eurocontain.de\/uk\/wp-json\/wp\/v2\/media?parent=4389"}],"wp:term":[{"taxonomy":"product_brand","embeddable":true,"href":"https:\/\/eurocontain.de\/uk\/wp-json\/wp\/v2\/product_brand?post=4389"},{"taxonomy":"product_cat","embeddable":true,"href":"https:\/\/eurocontain.de\/uk\/wp-json\/wp\/v2\/product_cat?post=4389"},{"taxonomy":"product_tag","embeddable":true,"href":"https:\/\/eurocontain.de\/uk\/wp-json\/wp\/v2\/product_tag?post=4389"}],"curies":[{"name":"wp","href":"https:\/\/api.w.org\/{rel}","templated":true}]}}