{"id":5633,"date":"2025-10-06T14:09:05","date_gmt":"2025-10-06T12:09:05","guid":{"rendered":"https:\/\/eurocontain.de\/?page_id=5633"},"modified":"2025-10-06T14:10:40","modified_gmt":"2025-10-06T12:10:40","slug":"buerocontainer-list","status":"publish","type":"page","link":"https:\/\/eurocontain.de\/uk\/buerocontainer-list\/","title":{"rendered":"\u041e\u0444\u0456\u0441\u043d\u0438\u0439 \u043a\u043e\u043d\u0442\u0435\u0439\u043d\u0435\u0440"},"content":{"rendered":"<div data-elementor-type=\"wp-page\" data-elementor-id=\"5633\" class=\"elementor elementor-5633\" data-elementor-post-type=\"page\">\n\t\t\t\t\t\t<section class=\"elementor-section elementor-top-section elementor-element elementor-element-4486ee4 elementor-section-boxed elementor-section-height-default elementor-section-height-default\" data-id=\"4486ee4\" data-element_type=\"section\" data-e-type=\"section\">\n\t\t\t\t\t\t<div class=\"elementor-container elementor-column-gap-default\">\n\t\t\t\t\t<div class=\"elementor-column elementor-col-100 elementor-top-column elementor-element elementor-element-c4cb804\" data-id=\"c4cb804\" data-element_type=\"column\" data-e-type=\"column\">\n\t\t\t<div class=\"elementor-widget-wrap elementor-element-populated\">\n\t\t\t\t\t\t<div class=\"elementor-element elementor-element-257c58e elementor-widget elementor-widget-heading\" data-id=\"257c58e\" data-element_type=\"widget\" data-e-type=\"widget\" data-widget_type=\"heading.default\">\n\t\t\t\t<div class=\"elementor-widget-container\">\n\t\t\t\t\t<h1 class=\"elementor-heading-title elementor-size-default\">\u041e\u0444\u0456\u0441\u043d\u0438\u0439 \u043a\u043e\u043d\u0442\u0435\u0439\u043d\u0435\u0440<\/h1>\t\t\t\t<\/div>\n\t\t\t\t<\/div>\n\t\t\t\t\t<\/div>\n\t\t<\/div>\n\t\t\t\t\t<\/div>\n\t\t<\/section>\n\t\t\t\t<section class=\"elementor-section elementor-top-section elementor-element elementor-element-b72b470 elementor-section-boxed elementor-section-height-default elementor-section-height-default\" data-id=\"b72b470\" data-element_type=\"section\" data-e-type=\"section\">\n\t\t\t\t\t\t<div class=\"elementor-container elementor-column-gap-default\">\n\t\t\t\t\t<div class=\"elementor-column elementor-col-100 elementor-top-column elementor-element elementor-element-54b0bfe\" data-id=\"54b0bfe\" data-element_type=\"column\" data-e-type=\"column\">\n\t\t\t<div class=\"elementor-widget-wrap elementor-element-populated\">\n\t\t\t\t\t\t<div class=\"elementor-element elementor-element-a66c143 elementor-widget elementor-widget-text-editor\" data-id=\"a66c143\" data-element_type=\"widget\" data-e-type=\"widget\" data-widget_type=\"text-editor.default\">\n\t\t\t\t<div class=\"elementor-widget-container\">\n\t\t\t\t\t\t\t\t\t<ul id=\"menu-1-98e711b\" class=\"elementor-nav-menu sm-vertical\" data-smartmenus-id=\"1759752310636109\"><li class=\"menu-item menu-item-type-post_type menu-item-object-page menu-item-5252\"><a class=\"elementor-item\" href=\"https:\/\/eurocontain.de\/uk\/buerocontainer-bremen\/\">\u0411\u0440\u0435\u043c\u0435\u043d<\/a><\/li><li class=\"menu-item menu-item-type-post_type menu-item-object-page menu-item-5253\"><a class=\"elementor-item\" href=\"https:\/\/eurocontain.de\/uk\/buerocontainer-dresden\/\">\u0414\u0440\u0435\u0437\u0434\u0435\u043d<\/a><\/li><li class=\"menu-item menu-item-type-post_type menu-item-object-page menu-item-5254\"><a class=\"elementor-item\" href=\"https:\/\/eurocontain.de\/uk\/%d0%b1%d1%83%d0%b5%d1%80%d0%be%d0%ba%d0%be%d0%bd%d1%82%d0%b5%d0%b9%d0%bd%d0%b5%d1%80-%d0%b4%d1%8e%d1%81%d1%81%d0%b5%d0%bb%d1%8c%d0%b4%d0%be%d1%80%d1%84\/\">\u0414\u044e\u0441\u0441\u0435\u043b\u044c\u0434\u043e\u0440\u0444<\/a><\/li><li class=\"menu-item menu-item-type-post_type menu-item-object-page menu-item-5255\"><a class=\"elementor-item\" href=\"https:\/\/eurocontain.de\/uk\/buerocontainer-%d1%84%d1%80%d0%b0%d0%bd%d0%ba%d1%84%d1%83%d1%80%d1%82\/\">Frankfurt<\/a><\/li><li class=\"menu-item menu-item-type-post_type menu-item-object-page menu-item-5256\"><a class=\"elementor-item\" href=\"https:\/\/eurocontain.de\/uk\/buerocontainer-hannover\/\">\u0413\u0430\u043d\u043d\u043e\u0432\u0435\u0440<\/a><\/li><li class=\"menu-item menu-item-type-post_type menu-item-object-page menu-item-5257\"><a class=\"elementor-item\" href=\"https:\/\/eurocontain.de\/uk\/%d0%be%d1%84%d1%96%d1%81%d0%bd%d0%b8%d0%b9-%d0%ba%d0%be%d0%bd%d1%82%d0%b5%d0%b9%d0%bd%d0%b5%d1%80-%d0%bc%d1%8e%d0%bd%d1%85%d0%b5%d0%bd\/\">\u041c\u044e\u043d\u0445\u0435\u043d<\/a><\/li><li class=\"menu-item menu-item-type-post_type menu-item-object-page menu-item-5258\"><a class=\"elementor-item\" href=\"https:\/\/eurocontain.de\/uk\/buerocontainer-koeln\/\">\u041e\u0434\u0435\u043a\u043e\u043b\u043e\u043d<\/a><\/li><li class=\"menu-item menu-item-type-post_type menu-item-object-page menu-item-5259\"><a class=\"elementor-item\" href=\"https:\/\/eurocontain.de\/uk\/buerocontainer-mannheim\/\">Mannheim<\/a><\/li><li class=\"menu-item menu-item-type-post_type menu-item-object-page menu-item-5260\"><a class=\"elementor-item\" href=\"https:\/\/eurocontain.de\/uk\/buerocontainer-nuernberg\/\">N\u00fcrnberg<\/a><\/li><li class=\"menu-item menu-item-type-post_type menu-item-object-page menu-item-5261\"><a class=\"elementor-item\" href=\"https:\/\/eurocontain.de\/uk\/buerocontainer-sachsen\/\">\u0421\u0430\u043a\u0441\u043e\u043d\u0456\u044f<\/a><\/li><\/ul>\t\t\t\t\t\t\t\t<\/div>\n\t\t\t\t<\/div>\n\t\t\t\t\t<\/div>\n\t\t<\/div>\n\t\t\t\t\t<\/div>\n\t\t<\/section>\n\t\t\t\t<\/div>","protected":false},"excerpt":{"rendered":"<p>B\u00fcrocontainer Bremen Dresden D\u00fcsseldorf Frankfurt Hannover M\u00fcnchen K\u00f6ln Mannheim N\u00fcrnberg Sachsen<\/p>","protected":false},"author":5,"featured_media":0,"parent":0,"menu_order":0,"comment_status":"closed","ping_status":"closed","template":"","meta":{"footnotes":""},"class_list":["post-5633","page","type-page","status-publish","hentry"],"_links":{"self":[{"href":"https:\/\/eurocontain.de\/uk\/wp-json\/wp\/v2\/pages\/5633","targetHints":{"allow":["GET"]}}],"collection":[{"href":"https:\/\/eurocontain.de\/uk\/wp-json\/wp\/v2\/pages"}],"about":[{"href":"https:\/\/eurocontain.de\/uk\/wp-json\/wp\/v2\/types\/page"}],"author":[{"embeddable":true,"href":"https:\/\/eurocontain.de\/uk\/wp-json\/wp\/v2\/users\/5"}],"replies":[{"embeddable":true,"href":"https:\/\/eurocontain.de\/uk\/wp-json\/wp\/v2\/comments?post=5633"}],"version-history":[{"count":0,"href":"https:\/\/eurocontain.de\/uk\/wp-json\/wp\/v2\/pages\/5633\/revisions"}],"wp:attachment":[{"href":"https:\/\/eurocontain.de\/uk\/wp-json\/wp\/v2\/media?parent=5633"}],"curies":[{"name":"wp","href":"https:\/\/api.w.org\/{rel}","templated":true}]}}