{"id":5858,"date":"2026-04-17T09:37:52","date_gmt":"2026-04-17T07:37:52","guid":{"rendered":"https:\/\/eurocontain.de\/?post_type=product&#038;p=5858"},"modified":"2026-04-17T13:34:51","modified_gmt":"2026-04-17T11:34:51","slug":"containeranlage-gebraucht-127","status":"publish","type":"product","link":"https:\/\/eurocontain.de\/ru\/%d0%ba%d0%be%d0%bd%d1%82%d0%b5%d0%b9%d0%bd%d0%b5%d1%80\/containeranlage-gebraucht-127\/","title":{"rendered":"Containeranlage -gebraucht &#8211;  #127"},"content":{"rendered":"<div class=\"elementor-element elementor-element-3d880a5 elementor-widget elementor-widget-heading\" data-id=\"3d880a5\" data-element_type=\"widget\" data-widget_type=\"heading.default\">\n<div class=\"elementor-widget-container\">\n<p class=\"elementor-heading-title elementor-size-default\"><strong>Containeranlage &#8211; gebraucht &#8211; bestehend aus:<\/strong><br \/>\n2 St\u00fcck B\u00fcrocontainer 20 Fu\u00df<br \/>\n1 St\u00fcck B\u00fcrocontainer (K\u00fcche) 20 Fu\u00df<br \/>\n1 St\u00fcck Duo-Anlage 20 Fu\u00df<br \/>\n1 St\u00fcck WC-Container Damen &amp; Herren 20 Fu\u00df<br \/>\n1 St\u00fcck Flur 16 Fu\u00df<br \/>\n1 St\u00fcck Flur 10 Fu\u00df\u00a0<strong><br \/>\n<\/strong><\/p>\n<\/div>\n<\/div>\n<div class=\"elementor-element elementor-element-df852dd elementor-widget elementor-widget-text-editor\" data-id=\"df852dd\" data-element_type=\"widget\" data-widget_type=\"text-editor.default\">\n<div class=\"elementor-widget-container\">\n<div class=\"wpb_text_column wpb_content_element\">\n<p><strong>Au\u00dfenlackierung in RAL-Farbe: wei\u00df o. \u00e4hnlich<\/strong><\/p>\n<p><strong>Abmessung\u00a0 je Container:<\/strong><br \/>\nL 6.058 x B 2.438 x 2.500mm-Innenh\u00f6he-<br \/>\n\u0412\u043d\u0435\u0448\u043d\u044f\u044f \u0432\u044b\u0441\u043e\u0442\u0430: 2 800 \u043c\u043c<br \/>\n<strong>Abmessung\u00a0 Flurcontainer 16 Fu\u00df:<\/strong><br \/>\nL 4.891 x B 2.438 x 2.500mm-Innenh\u00f6he-<br \/>\n\u0412\u043d\u0435\u0448\u043d\u044f\u044f \u0432\u044b\u0441\u043e\u0442\u0430: 2 800 \u043c\u043c<br \/>\n<strong>Abmessung\u00a0 Flurcontainer 10 Fu\u00df:<\/strong><br \/>\nL 2.438 x B 2.438 x 2.500mm-Innenh\u00f6he-<br \/>\n\u0412\u043d\u0435\u0448\u043d\u044f\u044f \u0432\u044b\u0441\u043e\u0442\u0430: 2 800 \u043c\u043c<\/p>\n<\/div>\n<\/div>\n<\/div>\n<h3 class=\"elementor-heading-title elementor-size-default\">\u041e\u0431\u043e\u0440\u0443\u0434\u043e\u0432\u0430\u043d\u0438\u0435:<\/h3>\n<ul>\n<li>2 x Stahlau\u00dfent\u00fcre 875 x 2.000 mm mit<br \/>\n\u041f\u0440\u043e\u0444\u0438\u043b\u044c\u043d\u044b\u0439 \u0446\u0438\u043b\u0438\u043d\u0434\u0440\u043e\u0432\u044b\u0439 \u0437\u0430\u043c\u043e\u043a \u0441 3 \u043a\u043b\u044e\u0447\u0430\u043c\u0438,<br \/>\nund Obert\u00fcrschlie\u00dfer,<\/li>\n<li>5x Holz &#8211; Innent\u00fcren 860 x 1.985mm,<\/li>\n<li>8 x Fenster 930 x 1.400 mm mit D\/K Beschlag<br \/>\n\u0438 \u043f\u043b\u0430\u0441\u0442\u0438\u043a\u043e\u0432\u044b\u0435 \u0440\u043e\u043b\u044c\u0441\u0442\u0430\u0432\u043d\u0438 \u0441 \u043b\u0435\u043d\u0442\u043e\u0447\u043d\u044b\u043c\u0438 \u043d\u0430\u0442\u044f\u0436\u0438\u0442\u0435\u043b\u044f\u043c\u0438,<\/li>\n<li>1 x Schiebe &#8211; Fenster 900 x 1.200 mm<br \/>\ninkl. Kunststoffrollladen mit Gurtstraffer,<\/li>\n<li>4 x Kipp &#8211; Fenster 605 x 575 mm<br \/>\nmit Ornamentglas,<\/li>\n<li><strong>\u042d\u043b\u0435\u043a\u0442\u0440\u043e\u043f\u0440\u043e\u0432\u043e\u0434\u043a\u0430, \u0441\u043e\u0441\u0442\u043e\u044f\u0449\u0430\u044f \u0438\u0437:<\/strong><\/li>\n<li>9x Lichtschalter, Steckdosen,<\/li>\n<li>6 x Elektroheizungen 2,0kW,<\/li>\n<li>3x Elektroheizungen 1,0kW,<\/li>\n<li>8 x Spiegelraster &#8211;\u00a0 Leuchten 2 x 58Watt,<\/li>\n<li>6x Langfeldleuchten 1 x 58 Watt,<\/li>\n<li>1x Langfeldleuchten 1 x 36 Watt,<\/li>\n<li>Kabelkanal mit Steckdosen,<br \/>\n<strong>\u0418\u0437\u043e\u043b\u044f\u0446\u0438\u044f:<\/strong><\/li>\n<li>Boden: PU -Schaum o. Mineralw. s = 100 mm<\/li>\n<li>Dach: PU -Schaum o. Mineralw. = 100 mm<\/li>\n<li>Wand: PU -Schaum o. Mineralw. = 80 mm<\/li>\n<li>\u041d\u0430\u043f\u043e\u043b\u044c\u043d\u043e\u0435 \u043f\u043e\u043a\u0440\u044b\u0442\u0438\u0435 \u0438\u0437 \u041f\u0412\u0425 2,0 \u043c\u043c, \u0441\u0435\u0440\u043e\u0435<\/li>\n<li>Innendekor: Dekorplatten o. Blech glatt hell<br \/>\n\u041f\u043e\u0442\u043e\u043b\u043e\u0447\u043d\u0430\u044f \u043e\u0431\u0448\u0438\u0432\u043a\u0430: \u041f\u043e\u0442\u043e\u043b\u043e\u0447\u043d\u0430\u044f \u043f\u043b\u0438\u0442\u043a\u0430 \u0438\u043b\u0438 \u043c\u0435\u0442\u0430\u043b\u043b\u0438\u0447\u0435\u0441\u043a\u0438\u0439 \u043b\u0438\u0441\u0442 \u0441\u0432\u0435\u0442\u043b\u043e\u0433\u043e \u0446\u0432\u0435\u0442\u0430<\/li>\n<li>\u0411\u0430\u0437\u043e\u0432\u044b\u0439 \u044d\u043b\u0435\u043a\u0442\u0440\u043e\u043c\u043e\u043d\u0442\u0430\u0436 \u0441\u043a\u0440\u044b\u0442\u043e\u0433\u043e \u043c\u043e\u043d\u0442\u0430\u0436\u0430 \u0432 \u0441\u043e\u043e\u0442\u0432\u0435\u0442\u0441\u0442\u0432\u0438\u0438 \u0441 OVE\/VDE<\/li>\n<\/ul>\n<p>gem\u00e4\u00df beiligender Zeichnung<br \/>\nWeitere Bilder auf Anfrage<\/p>\n<p><strong>\u0426\u0435\u043d\u0430 \u043f\u043e\u043a\u0443\u043f\u043a\u0438 \u043f\u043e \u0437\u0430\u043f\u0440\u043e\u0441\u0443<\/strong><\/p>","protected":false},"excerpt":{"rendered":"<p>Containeranlage &#8211; gebraucht &#8211; bestehend aus: 2 St\u00fcck B\u00fcrocontainer 20 Fu\u00df 1 St\u00fcck B\u00fcrocontainer (K\u00fcche) 20 Fu\u00df 1 St\u00fcck Duo-Anlage 20 Fu\u00df 1 St\u00fcck WC-Container Damen &amp; Herren 20 Fu\u00df 1 St\u00fcck Flur 16 Fu\u00df 1 St\u00fcck Flur 10 Fu\u00df\u00a0 Au\u00dfenlackierung in RAL-Farbe: wei\u00df o. \u00e4hnlich Abmessung\u00a0 je Container: L 6.058 x B 2.438 x [&hellip;]<\/p>","protected":false},"featured_media":5859,"comment_status":"open","ping_status":"closed","template":"","meta":[],"product_brand":[],"product_cat":[125,129,120,121],"product_tag":[],"class_list":{"0":"post-5858","1":"product","2":"type-product","3":"status-publish","4":"has-post-thumbnail","6":"product_cat-containeranlage","7":"product_cat-buerocontainer","8":"product_cat-raumcontainer","9":"product_cat-wc-container","11":"first","12":"instock","13":"shipping-taxable","14":"product-type-simple"},"_links":{"self":[{"href":"https:\/\/eurocontain.de\/ru\/wp-json\/wp\/v2\/product\/5858","targetHints":{"allow":["GET"]}}],"collection":[{"href":"https:\/\/eurocontain.de\/ru\/wp-json\/wp\/v2\/product"}],"about":[{"href":"https:\/\/eurocontain.de\/ru\/wp-json\/wp\/v2\/types\/product"}],"replies":[{"embeddable":true,"href":"https:\/\/eurocontain.de\/ru\/wp-json\/wp\/v2\/comments?post=5858"}],"wp:featuredmedia":[{"embeddable":true,"href":"https:\/\/eurocontain.de\/ru\/wp-json\/wp\/v2\/media\/5859"}],"wp:attachment":[{"href":"https:\/\/eurocontain.de\/ru\/wp-json\/wp\/v2\/media?parent=5858"}],"wp:term":[{"taxonomy":"product_brand","embeddable":true,"href":"https:\/\/eurocontain.de\/ru\/wp-json\/wp\/v2\/product_brand?post=5858"},{"taxonomy":"product_cat","embeddable":true,"href":"https:\/\/eurocontain.de\/ru\/wp-json\/wp\/v2\/product_cat?post=5858"},{"taxonomy":"product_tag","embeddable":true,"href":"https:\/\/eurocontain.de\/ru\/wp-json\/wp\/v2\/product_tag?post=5858"}],"curies":[{"name":"wp","href":"https:\/\/api.w.org\/{rel}","templated":true}]}}