{"id":4393,"date":"2025-08-04T13:00:06","date_gmt":"2025-08-04T11:00:06","guid":{"rendered":"https:\/\/eurocontain.de\/?post_type=product&#038;p=4393"},"modified":"2026-04-17T09:25:53","modified_gmt":"2026-04-17T07:25:53","slug":"buerocontainer-werksneu-117","status":"publish","type":"product","link":"https:\/\/eurocontain.de\/ru\/%d0%ba%d0%be%d0%bd%d1%82%d0%b5%d0%b9%d0%bd%d0%b5%d1%80\/buerocontainer-werksneu-117\/","title":{"rendered":"B\u00fcrocontainer -werksneu- #117"},"content":{"rendered":"<div class=\"elementor-element elementor-element-df852dd elementor-widget elementor-widget-text-editor\" data-id=\"df852dd\" data-element_type=\"widget\" data-widget_type=\"text-editor.default\">\n<div class=\"elementor-widget-container\">\n<div>\n<div class=\"moz-signature\">\n<p class=\"elementor-heading-title elementor-size-default\"><strong>B\u00fcrocontainer\u00b420 Fu\u00df -werksneu-<\/strong><\/p>\n<p>\u041d\u0430\u0440\u0443\u0436\u043d\u0430\u044f \u043e\u043a\u0440\u0430\u0441\u043a\u0430 \u043f\u043e \u0448\u043a\u0430\u043b\u0435 RAL: 7035 \u0441\u0432\u0435\u0442\u043b\u043e-\u0441\u0435\u0440\u044b\u0439<\/p>\n<\/div>\n<div class=\"moz-signature\">\u0420\u0430\u0437\u043c\u0435\u0440\u044b: 6 058 x \u0428 2 438 x 2 500 \u043c\u043c \u0432\u043d\u0443\u0442\u0440\u0435\u043d\u043d\u044f\u044f \u0432\u044b\u0441\u043e\u0442\u0430<br \/>\n\u0412\u043d\u0435\u0448\u043d\u044f\u044f \u0432\u044b\u0441\u043e\u0442\u0430: 2 800 \u043c\u043c<\/div>\n<\/div>\n<\/div>\n<\/div>\n<div class=\"elementor-element elementor-element-1730647 elementor-widget elementor-widget-text-editor\" data-id=\"1730647\" data-element_type=\"widget\" data-widget_type=\"text-editor.default\">\n<div class=\"elementor-widget-container\">\n<div>\n<div>\n<p><strong>\u041e\u0431\u043e\u0440\u0443\u0434\u043e\u0432\u0430\u043d\u0438\u0435:<\/strong><br \/>\n1 x Stahlau\u00dfent\u00fcre 875 x 2.000 mm mit<br \/>\n\u041f\u0440\u043e\u0444\u0438\u043b\u044c\u043d\u044b\u0439 \u0446\u0438\u043b\u0438\u043d\u0434\u0440\u043e\u0432\u044b\u0439 \u0437\u0430\u043c\u043e\u043a \u0441 3 \u043a\u043b\u044e\u0447\u0430\u043c\u0438,<br \/>\n1 x \u0434\u0432\u0435\u0440\u043d\u043e\u0439 \u0434\u0435\u0440\u0436\u0430\u0442\u0435\u043b\u044c \u0432 \u0441\u043e\u0431\u0440\u0430\u043d\u043d\u043e\u043c \u0432\u0438\u0434\u0435,<br \/>\n1 x \u043f\u043b\u0430\u0441\u0442\u0438\u043d\u0430 \u0434\u043b\u044f \u0441\u043b\u0438\u0432\u0430 \u0434\u043e\u0436\u0434\u044f,<br \/>\n2 x Fenster 940 x 1.422 mm mit D\/K Beschlag<br \/>\nund Kunststoffrollladen mit Gurtstraffer 1,1 U-Wert \/ m\u00b2K,<br \/>\n<strong>\u042d\u043b\u0435\u043a\u0442\u0440\u043e\u043f\u0440\u043e\u0432\u043e\u0434\u043a\u0430, \u0441\u043e\u0441\u0442\u043e\u044f\u0449\u0430\u044f \u0438\u0437:<\/strong><br \/>\n1 \u0445 \u0440\u043e\u0437\u0435\u0442\u043a\u0430 \/ \u0432\u044b\u043a\u043b\u044e\u0447\u0430\u0442\u0435\u043b\u044c \u0441\u0432\u0435\u0442\u0430,<br \/>\n2 x LED \u2013 Langfeldleuchten,<br \/>\n3 x Doppelsteckdosen,<br \/>\n1 x \u043a\u043e\u043d\u0432\u0435\u043a\u0442\u043e\u0440 \u043e\u0442\u043e\u043f\u043b\u0435\u043d\u0438\u044f 2,0 \u043a\u0412\u0442,<br \/>\n1x \u0431\u043b\u043e\u043a \u043f\u0440\u0435\u0434\u043e\u0445\u0440\u0430\u043d\u0438\u0442\u0435\u043b\u0435\u0439 \u0441 \u0423\u0417\u041e,<br \/>\n2 \u0432\u043d\u0435\u0448\u043d\u0438\u0445 \u0448\u0442\u0435\u043a\u0435\u0440\u0430 CEE 32A 5-\u043a\u043e\u043d\u0442\u0430\u043a\u0442\u043d\u044b\u0439,<br \/>\n<strong>\u0418\u0437\u043e\u043b\u044f\u0446\u0438\u044f:<\/strong><br \/>\nBoden: PU \u2013 Paneel = 100mm U = 0,27 W\/m\u00b2K<br \/>\nDach: PU \u2013 Paneel = 100 mm U = 0,27 W\/m\u00b2K<br \/>\nWand: PU-Paneel = 100 mm U = 0,23 W\/m\u00b2K<br \/>\nBodenbelag: PVC Bodenbelag 2,0 mm, grau<br \/>\nZementgebundene Bodenplatte, 19-20 mm<br \/>\nInnendekor: Metallw\u00e4nde in hell<br \/>\n\u0411\u0430\u0437\u043e\u0432\u044b\u0439 \u044d\u043b\u0435\u043a\u0442\u0440\u043e\u043c\u043e\u043d\u0442\u0430\u0436 \u0441\u043a\u0440\u044b\u0442\u043e\u0433\u043e \u043c\u043e\u043d\u0442\u0430\u0436\u0430 \u0432 \u0441\u043e\u043e\u0442\u0432\u0435\u0442\u0441\u0442\u0432\u0438\u0438 \u0441 OVE\/VDE<br \/>\nStaplertaschen \u2013 Bodenbelasbarkeit 300kg\/m\u00b2<br \/>\n\u0442\u0440\u043e\u0439\u043d\u0430\u044f \u0448\u0442\u0430\u0431\u0435\u043b\u0438\u0440\u0443\u0435\u043c\u043e\u0441\u0442\u044c<\/p>\n<\/div>\n<\/div>\n<\/div>\n<\/div>","protected":false},"excerpt":{"rendered":"<p>B\u00fcrocontainer\u00b420 Fu\u00df -werksneu- Au\u00dfenlackierung in RAL-Farbe: 7035 lichtgrau Abmessung: 6.058 x B 2.438 x 2.500 mm Innenh\u00f6he Au\u00dfenh\u00f6he: 2.800 mm Ausstattung: 1 x Stahlau\u00dfent\u00fcre 875 x 2.000 mm mit Profilzylinderschlo\u00df inkl. 3 Schl\u00fcsseln, 1 x T\u00fcrhalter vormontiert, 1 x Regenablaufblech, 2 x Fenster 940 x 1.422 mm mit D\/K Beschlag und Kunststoffrollladen mit Gurtstraffer 1,1 [&hellip;]<\/p>","protected":false},"featured_media":3765,"comment_status":"open","ping_status":"closed","template":"","meta":[],"product_brand":[],"product_cat":[120,129],"product_tag":[],"class_list":{"0":"post-4393","1":"product","2":"type-product","3":"status-publish","4":"has-post-thumbnail","6":"product_cat-raumcontainer","7":"product_cat-buerocontainer","9":"first","10":"instock","11":"shipping-taxable","12":"purchasable","13":"product-type-simple"},"_links":{"self":[{"href":"https:\/\/eurocontain.de\/ru\/wp-json\/wp\/v2\/product\/4393","targetHints":{"allow":["GET"]}}],"collection":[{"href":"https:\/\/eurocontain.de\/ru\/wp-json\/wp\/v2\/product"}],"about":[{"href":"https:\/\/eurocontain.de\/ru\/wp-json\/wp\/v2\/types\/product"}],"replies":[{"embeddable":true,"href":"https:\/\/eurocontain.de\/ru\/wp-json\/wp\/v2\/comments?post=4393"}],"wp:featuredmedia":[{"embeddable":true,"href":"https:\/\/eurocontain.de\/ru\/wp-json\/wp\/v2\/media\/3765"}],"wp:attachment":[{"href":"https:\/\/eurocontain.de\/ru\/wp-json\/wp\/v2\/media?parent=4393"}],"wp:term":[{"taxonomy":"product_brand","embeddable":true,"href":"https:\/\/eurocontain.de\/ru\/wp-json\/wp\/v2\/product_brand?post=4393"},{"taxonomy":"product_cat","embeddable":true,"href":"https:\/\/eurocontain.de\/ru\/wp-json\/wp\/v2\/product_cat?post=4393"},{"taxonomy":"product_tag","embeddable":true,"href":"https:\/\/eurocontain.de\/ru\/wp-json\/wp\/v2\/product_tag?post=4393"}],"curies":[{"name":"wp","href":"https:\/\/api.w.org\/{rel}","templated":true}]}}