{"id":4400,"date":"2025-08-04T13:29:04","date_gmt":"2025-08-04T11:29:04","guid":{"rendered":"https:\/\/eurocontain.de\/?post_type=product&#038;p=4400"},"modified":"2025-08-04T13:29:04","modified_gmt":"2025-08-04T11:29:04","slug":"conteneur-maritime20-pieds-1-maritime-51","status":"publish","type":"product","link":"https:\/\/eurocontain.de\/fr\/conteneur\/conteneur-maritime20-pieds-1-maritime-51\/","title":{"rendered":"Conteneur maritime'20 pieds- 1 navigation #51"},"content":{"rendered":"<div class=\"elementor-element elementor-element-df852dd elementor-widget elementor-widget-text-editor\" data-id=\"df852dd\" data-element_type=\"widget\" data-widget_type=\"text-editor.default\">\n<div class=\"elementor-widget-container\">\n<div class=\"wpb_text_column wpb_content_element\"><strong>Conteneur maritime'20 pieds- 1 maritime<\/strong><br \/>\nPeinture ext\u00e9rieure en couleur RAL : 7035 gris clair<br \/>\nDimensions ext\u00e9rieures (L x l x H) : 6.058 x 2.438 x 2.591 mm<br \/>\nDimensions int\u00e9rieures (L x l x H) : 5.898 x 2.350 x 2.390 mm<\/div>\n<\/div>\n<\/div>\n<div class=\"elementor-element elementor-element-382bea1 elementor-widget elementor-widget-heading\" data-id=\"382bea1\" data-element_type=\"widget\" data-widget_type=\"heading.default\">\n<div class=\"elementor-widget-container\">\n<h3 class=\"elementor-heading-title elementor-size-default\">\u00c9quipement :<\/h3>\n<\/div>\n<\/div>\n<div class=\"elementor-element elementor-element-efbc81a elementor-widget elementor-widget-text-editor\" data-id=\"efbc81a\" data-element_type=\"widget\" data-widget_type=\"text-editor.default\">\n<div class=\"elementor-widget-container\">\n<div class=\"wpb_text_column wpb_content_element\">\n<ul>\n<li class=\"wpb_wrapper\">ouverture de porte L 2.330 x H 2.280mm<\/li>\n<li class=\"wpb_wrapper\">Porte \u00e0 double battant avec joint en caoutchouc sur le pourtour de la face avant<\/li>\n<li class=\"wpb_wrapper\">4 x verrous de porte galvanis\u00e9s<\/li>\n<li class=\"wpb_wrapper\">parois en t\u00f4le d'acier moul\u00e9e de 3 mm d'\u00e9paisseur<\/li>\n<li class=\"wpb_wrapper\">plancher en panneaux de bois rev\u00eatus de 20 mm d'\u00e9paisseur<\/li>\n<li class=\"wpb_wrapper\">R\u00e9sistant \u00e0 l'eau<\/li>\n<li class=\"wpb_wrapper\">Sacs pour chariots \u00e9l\u00e9vateurs<\/li>\n<\/ul>\n<\/div>\n<\/div>\n<\/div>","protected":false},"excerpt":{"rendered":"<p>Conteneur maritime'20 pieds- 1 maritime Peinture ext\u00e9rieure en couleur RAL : 7035 gris clair Dimensions ext\u00e9rieures (L x l x H) : 6.058 x 2.438 x 2.591 mm Dimensions int\u00e9rieures (L x l x H) : 5.898 x 2.350 x 2.390 mm Equipement : Ouverture de porte L 2.330 x H 2.280mm Porte \u00e0 double battant avec joint en caoutchouc sur le pourtour de la face 4 x verrous de porte galvanis\u00e9s Parois en t\u00f4le d'acier moul\u00e9e 3 [...] [D\u00e9tails].<\/p>","protected":false},"featured_media":4402,"comment_status":"open","ping_status":"closed","template":"","meta":[],"product_brand":[],"product_cat":[126],"product_tag":[],"class_list":{"0":"post-4400","1":"product","2":"type-product","3":"status-publish","4":"has-post-thumbnail","6":"product_cat-seecontainer","8":"first","9":"instock","10":"shipping-taxable","11":"purchasable","12":"product-type-simple"},"_links":{"self":[{"href":"https:\/\/eurocontain.de\/fr\/wp-json\/wp\/v2\/product\/4400","targetHints":{"allow":["GET"]}}],"collection":[{"href":"https:\/\/eurocontain.de\/fr\/wp-json\/wp\/v2\/product"}],"about":[{"href":"https:\/\/eurocontain.de\/fr\/wp-json\/wp\/v2\/types\/product"}],"replies":[{"embeddable":true,"href":"https:\/\/eurocontain.de\/fr\/wp-json\/wp\/v2\/comments?post=4400"}],"wp:featuredmedia":[{"embeddable":true,"href":"https:\/\/eurocontain.de\/fr\/wp-json\/wp\/v2\/media\/4402"}],"wp:attachment":[{"href":"https:\/\/eurocontain.de\/fr\/wp-json\/wp\/v2\/media?parent=4400"}],"wp:term":[{"taxonomy":"product_brand","embeddable":true,"href":"https:\/\/eurocontain.de\/fr\/wp-json\/wp\/v2\/product_brand?post=4400"},{"taxonomy":"product_cat","embeddable":true,"href":"https:\/\/eurocontain.de\/fr\/wp-json\/wp\/v2\/product_cat?post=4400"},{"taxonomy":"product_tag","embeddable":true,"href":"https:\/\/eurocontain.de\/fr\/wp-json\/wp\/v2\/product_tag?post=4400"}],"curies":[{"name":"wp","href":"https:\/\/api.w.org\/{rel}","templated":true}]}}