{"id":4399,"date":"2025-08-04T13:26:44","date_gmt":"2025-08-04T11:26:44","guid":{"rendered":"https:\/\/eurocontain.de\/?post_type=product&#038;p=4399"},"modified":"2026-04-17T09:09:06","modified_gmt":"2026-04-17T07:09:06","slug":"installation-duo-93","status":"publish","type":"product","link":"https:\/\/eurocontain.de\/fr\/conteneur\/installation-duo-93\/","title":{"rendered":"Installation duo #93"},"content":{"rendered":"<div class=\"elementor-element elementor-element-3d880a5 elementor-widget elementor-widget-heading\" data-id=\"3d880a5\" data-element_type=\"widget\" data-widget_type=\"heading.default\">\n<div class=\"elementor-widget-container\">\n<p class=\"elementor-heading-title elementor-size-default\"><strong>Installation duo compos\u00e9e de :<\/strong><br \/>\n<strong>2 conteneurs de bureau de 20 pieds - neufs<\/strong><\/p>\n<\/div>\n<\/div>\n<div class=\"elementor-element elementor-element-df852dd elementor-widget elementor-widget-text-editor\" data-id=\"df852dd\" data-element_type=\"widget\" data-widget_type=\"text-editor.default\">\n<div class=\"elementor-widget-container\">\n<div class=\"wpb_text_column wpb_content_element\">\n<p>Peinture ext\u00e9rieure en couleur RAL : 9002 gris-blanc<\/p>\n<p>dimension :<br \/>\nL 6.058 x B 4.876 x 2.500mm-Innenh\u00f6he-<br \/>\nAu\u00dfenh\u00f6he: 2.830mm<\/p>\n<\/div>\n<\/div>\n<\/div>\n<h3 class=\"elementor-heading-title elementor-size-default\">\u00c9quipement :<\/h3>\n<ul>\n<li>1 x Stahlau\u00dfent\u00fcre 875 x 2.000 mm mit<br \/>\nSerrure \u00e0 cylindre profil\u00e9 avec 3 cl\u00e9s,<\/li>\n<li>1 x support de porte pr\u00e9mont\u00e9,<\/li>\n<li>1 x t\u00f4le d'\u00e9vacuation de la pluie,<\/li>\n<li>10 x Fenster 940 x 1.422 mm mit D\/K Beschlag<br \/>\net volet roulant en plastique avec tendeur de ceinture,<\/li>\n<li><strong>Installation \u00e9lectrique compos\u00e9e de :<\/strong><\/li>\n<li>4 x lampes LED,<\/li>\n<li>6 x prises de courant doubles,<\/li>\n<li>1 x combinaison prise \/ interrupteur d'\u00e9clairage,<\/li>\n<li>2 x convecteur de chauffage 2,0 KW Dimplex,<br \/>\n<strong>l'isolation :<\/strong><\/li>\n<li>Boden: Mineralw. s = 100 mm U = 0,27 W\/m2K<\/li>\n<li>Dach: Mineralw. s = 100 mm U = 0,27 W\/m2K<\/li>\n<li>Wand: PU-Paneel s = 100 mm U = 0,23 W\/m2K<\/li>\n<li>Rev\u00eatement de sol : panneau de particules li\u00e9es au ciment, 22 mm<br \/>\nRev\u00eatement de sol PVC 2,0 mm, gris<\/li>\n<li>Innendekor: Blech glatt hell<br \/>\nRev\u00eatements de plafond : Panneaux de plafond ou t\u00f4le de couleur claire<\/li>\n<li>Installation \u00e9lectrique de base encastr\u00e9e selon OVE\/VDE<\/li>\n<li>Staplertaschen \u2013 Bodenbelasbarkeit 300kg\/m\u00b2<\/li>\n<li>empilable sur trois niveaux<\/li>\n<\/ul>\n<p>&nbsp;<\/p>","protected":false},"excerpt":{"rendered":"<p>Duo-Anlage bestehend aus: 2 St\u00fcck B\u00fcrocontainer 20 Fu\u00df \u2013 fabrikneu Au\u00dfenlackierung in RAL-Farbe: 9002 grauwei\u00df Abmessung: L 6.058 x B 4.876 x 2.500mm-Innenh\u00f6he- Au\u00dfenh\u00f6he: 2.830mm Ausstattung: 1 x Stahlau\u00dfent\u00fcre 875 x 2.000 mm mit Profilzylinderschlo\u00df inkl. 3 Schl\u00fcsseln, 1 x T\u00fcrhalter vormontiert, 1 x Regenablaufblech, 10 x Fenster 940 x 1.422 mm mit D\/K Beschlag [&hellip;]<\/p>","protected":false},"featured_media":1178,"comment_status":"open","ping_status":"closed","template":"","meta":[],"product_brand":[],"product_cat":[125],"product_tag":[],"class_list":{"0":"post-4399","1":"product","2":"type-product","3":"status-publish","4":"has-post-thumbnail","6":"product_cat-containeranlage","8":"first","9":"instock","10":"shipping-taxable","11":"purchasable","12":"product-type-simple"},"_links":{"self":[{"href":"https:\/\/eurocontain.de\/fr\/wp-json\/wp\/v2\/product\/4399","targetHints":{"allow":["GET"]}}],"collection":[{"href":"https:\/\/eurocontain.de\/fr\/wp-json\/wp\/v2\/product"}],"about":[{"href":"https:\/\/eurocontain.de\/fr\/wp-json\/wp\/v2\/types\/product"}],"replies":[{"embeddable":true,"href":"https:\/\/eurocontain.de\/fr\/wp-json\/wp\/v2\/comments?post=4399"}],"wp:featuredmedia":[{"embeddable":true,"href":"https:\/\/eurocontain.de\/fr\/wp-json\/wp\/v2\/media\/1178"}],"wp:attachment":[{"href":"https:\/\/eurocontain.de\/fr\/wp-json\/wp\/v2\/media?parent=4399"}],"wp:term":[{"taxonomy":"product_brand","embeddable":true,"href":"https:\/\/eurocontain.de\/fr\/wp-json\/wp\/v2\/product_brand?post=4399"},{"taxonomy":"product_cat","embeddable":true,"href":"https:\/\/eurocontain.de\/fr\/wp-json\/wp\/v2\/product_cat?post=4399"},{"taxonomy":"product_tag","embeddable":true,"href":"https:\/\/eurocontain.de\/fr\/wp-json\/wp\/v2\/product_tag?post=4399"}],"curies":[{"name":"wp","href":"https:\/\/api.w.org\/{rel}","templated":true}]}}