{"id":4397,"date":"2025-08-04T13:12:12","date_gmt":"2025-08-04T11:12:12","guid":{"rendered":"https:\/\/eurocontain.de\/?post_type=product&#038;p=4397"},"modified":"2025-09-23T15:46:44","modified_gmt":"2025-09-23T13:46:44","slug":"container-de-douche-112","status":"publish","type":"product","link":"https:\/\/eurocontain.de\/fr\/conteneur\/container-de-douche-112\/","title":{"rendered":"Conteneur de douche #112"},"content":{"rendered":"<div class=\"elementor-element elementor-element-df852dd elementor-widget elementor-widget-text-editor\" data-id=\"df852dd\" data-element_type=\"widget\" data-widget_type=\"text-editor.default\">\n<div class=\"elementor-widget-container\">\n<div>\n<p class=\"elementor-heading-title elementor-size-default\"><strong>Conteneur de douche 20 pieds<\/strong><br \/>\n<strong>Neuf d'usine<\/strong><\/p>\n<p>Peinture ext\u00e9rieure en couleur RAL : 7035 gris clair<br \/>\nDimensions : 6.058 x L 2.438 x 2.500 mm Hauteur int\u00e9rieure<br \/>\nhauteur ext\u00e9rieure : 2 800 mm<\/p>\n<\/div>\n<\/div>\n<\/div>\n<div class=\"elementor-element elementor-element-1730647 elementor-widget elementor-widget-text-editor\" data-id=\"1730647\" data-element_type=\"widget\" data-widget_type=\"text-editor.default\">\n<div class=\"elementor-widget-container\">\n<div><b>\u00c9quipement :<\/b><br \/>\n- 1x porte en acier 900 x 2.000mm, blanc<br \/>\nserrure \u00e0 cylindre profil\u00e9, 3 cl\u00e9s incluses<br \/>\n- 1x fen\u00eatre basculante<br \/>\nVerre feuillet\u00e9 avec U=1,1 W\/m\u00b2K - mat<br \/>\nInstallation \u00e9lectrique :<br \/>\n- 1x interrupteur marche\/arr\u00eat, prises de courant 230V,<br \/>\n- 2x lampes fluorescentes IP65 avec tubes LED 2x16W,<br \/>\n- 1x chauffage \u00e9lectrique 2,0kW,<br \/>\n- 1x bo\u00eete \u00e0 fusibles avec disjoncteur diff\u00e9rentiel,<br \/>\n- 2x fiches ext\u00e9rieures CEE 32A-5 p\u00f4les,<b>Isolation + construction DACH<\/b><br \/>\n-Isolation + structure du toit \/\/ 100mm<br \/>\n*t\u00f4le d'acier galvanis\u00e9e de 0,5 mm,<br \/>\n*Panneau de particules 12mm,<br \/>\n*Laine min\u00e9rale de 50 mm d'\u00e9paisseur,<br \/>\n* Pare-vapeur en film PE,<br \/>\n* Panneau sandwich avec \u00e2me en polystyr\u00e8ne, \u00e9paisseur 50 mm, RAL 9010<br \/>\n-drainage des eaux de pluie par des goutti\u00e8res p\u00e9riph\u00e9riques dans le cadre du conteneur<br \/>\n-Valeur caract\u00e9ristique de la charge de neige selon la norme : Sk = 1,6 kN\/m2<br \/>\nIsolation + construction MURS \/\/ 75-80mm<br \/>\nPanneau sandwich avec \u00e2me en polystyr\u00e8ne expans\u00e9, \u00e9paisseur 75 mm,<br \/>\nt\u00f4le pli\u00e9e bas de l'ext\u00e9rieur RAL 7035,<br \/>\nde l'int\u00e9rieur parois m\u00e9talliques en clair<br \/>\nIsolation + structure du SOL \/\/ 100mm<br \/>\n*Finition du sol : rev\u00eatement de sol en PVC gris de 2 mm,<br \/>\nsoud\u00e9s sur les raccords ,<br \/>\nremont\u00e9 le long du mur,<br \/>\n* Panneau de particules li\u00e9es au ciment 22mm,<\/div>\n<div><\/div>\n<div><b>Installation sanitaire :<br \/>\n<\/b>- 1x goulotte de lavage avec 3x postes de lavage eau froide\/chaude,<br \/>\n- 3x miroir, \u00e9tag\u00e8res, distributeur de savon, porte-serviettes,<br \/>\n- 6x cabines de douche avec garniture de douche<br \/>\n- 1x Chauffe-eau 200L<b>Syst\u00e8me d'eau :<\/b><br \/>\n- En saillie \u00e0 partir de tubes en PP, de raccords et de tubes soud\u00e9s,<br \/>\nadapt\u00e9 \u00e0 une pression de 0,45 MPa,<br \/>\n- Syst\u00e8me de canalisation apparent en tubes PVC.<br \/>\nInstallation dans le sol ou dans le mur<br \/>\nA\u00e9ration :<br \/>\n- Ventilateurs ou grilles de ventilation<\/div>\n<\/div>\n<\/div>","protected":false},"excerpt":{"rendered":"<p>Conteneur de douche 20 pieds Neuf d'usine Peinture ext\u00e9rieure en couleur RAL : 7035 gris clair Dimensions : 6.058 x l 2.438 x 2.500 mm Hauteur int\u00e9rieure Hauteur ext\u00e9rieure : 2.800 mm Equipement : - 1x porte en acier 900 x 2.000mm, blanc serrure \u00e0 cylindre profil\u00e9 incl. 3 cl\u00e9s - 1x fen\u00eatre basculante verre feuillet\u00e9 avec U=1,1 W\/m\u00b2K - mat installation \u00e9lectrique : - 1x interrupteur marche\/arr\u00eat, prises de courant 230V, - 2x lampes fluorescentes IP65 avec [...].<\/p>","protected":false},"featured_media":3296,"comment_status":"open","ping_status":"closed","template":"","meta":[],"product_brand":[],"product_cat":[124],"product_tag":[],"class_list":{"0":"post-4397","1":"product","2":"type-product","3":"status-publish","4":"has-post-thumbnail","6":"product_cat-duschcontainer","8":"first","9":"instock","10":"shipping-taxable","11":"purchasable","12":"product-type-simple"},"_links":{"self":[{"href":"https:\/\/eurocontain.de\/fr\/wp-json\/wp\/v2\/product\/4397","targetHints":{"allow":["GET"]}}],"collection":[{"href":"https:\/\/eurocontain.de\/fr\/wp-json\/wp\/v2\/product"}],"about":[{"href":"https:\/\/eurocontain.de\/fr\/wp-json\/wp\/v2\/types\/product"}],"replies":[{"embeddable":true,"href":"https:\/\/eurocontain.de\/fr\/wp-json\/wp\/v2\/comments?post=4397"}],"wp:featuredmedia":[{"embeddable":true,"href":"https:\/\/eurocontain.de\/fr\/wp-json\/wp\/v2\/media\/3296"}],"wp:attachment":[{"href":"https:\/\/eurocontain.de\/fr\/wp-json\/wp\/v2\/media?parent=4397"}],"wp:term":[{"taxonomy":"product_brand","embeddable":true,"href":"https:\/\/eurocontain.de\/fr\/wp-json\/wp\/v2\/product_brand?post=4397"},{"taxonomy":"product_cat","embeddable":true,"href":"https:\/\/eurocontain.de\/fr\/wp-json\/wp\/v2\/product_cat?post=4397"},{"taxonomy":"product_tag","embeddable":true,"href":"https:\/\/eurocontain.de\/fr\/wp-json\/wp\/v2\/product_tag?post=4397"}],"curies":[{"name":"wp","href":"https:\/\/api.w.org\/{rel}","templated":true}]}}