{"id":4395,"date":"2025-08-04T13:06:15","date_gmt":"2025-08-04T11:06:15","guid":{"rendered":"https:\/\/eurocontain.de\/?post_type=product&#038;p=4395"},"modified":"2025-09-23T15:46:35","modified_gmt":"2025-09-23T13:46:35","slug":"sanitaer-kombi-container-114","status":"publish","type":"product","link":"https:\/\/eurocontain.de\/fr\/conteneur\/sanitaer-kombi-container-114\/","title":{"rendered":"Container combin\u00e9 sanitaire #114"},"content":{"rendered":"<div class=\"elementor-element elementor-element-df852dd elementor-widget elementor-widget-text-editor\" data-id=\"df852dd\" data-element_type=\"widget\" data-widget_type=\"text-editor.default\">\n<div class=\"elementor-widget-container\">\n<div>\n<p class=\"elementor-heading-title elementor-size-default\"><strong>Combin\u00e9 sanitaire <\/strong><strong>Conteneur'20 pieds -Nouveau-usine<\/strong><\/p>\n<p>Peinture ext\u00e9rieure en couleur RAL : 7035 gris clair<br \/>\nDimensions : 6.058 x L 2.438 x 2.500 mm Hauteur int\u00e9rieure<br \/>\nhauteur ext\u00e9rieure : 2 800 mm<\/p>\n<\/div>\n<\/div>\n<\/div>\n<div class=\"elementor-element elementor-element-1730647 elementor-widget elementor-widget-text-editor\" data-id=\"1730647\" data-element_type=\"widget\" data-widget_type=\"text-editor.default\">\n<div class=\"elementor-widget-container\">\n<div>\n<div>- 3x portes en acier 900 x 2.000mm, blanc<br \/>\n- serrure \u00e0 cylindre profil\u00e9, 3 cl\u00e9s incluses<br \/>\n- 1x fen\u00eatre basculante<br \/>\nVerre feuillet\u00e9 avec U=1,1 W\/m\u00b2K - mat<strong>Installation \u00e9lectrique :<\/strong><br \/>\n- 2x interrupteur marche\/arr\u00eat, prises de courant 230V,<br \/>\n- 3x lampes fluorescentes IP65 avec tubes LED 2x16W,<br \/>\n- 1x chauffage \u00e9lectrique 2,0kW,<br \/>\n- 1x bo\u00eete \u00e0 fusibles avec disjoncteur diff\u00e9rentiel,<br \/>\n- 2x fiches ext\u00e9rieures CEE 32A-5 p\u00f4les,<b>Isolation + construction DACH<\/b><br \/>\n- Laine min\u00e9rale de 50 mm d'\u00e9paisseur,<br \/>\n- Pare-vapeur en film PE,<b>Isolation + construction MURS<\/b><br \/>\n- Panneau sandwich avec \u00e2me en polystyr\u00e8ne expans\u00e9, \u00e9paisseur 75-80 mm,<br \/>\nt\u00f4le pli\u00e9e bas de l'ext\u00e9rieur RAL 7035,<br \/>\nde l'int\u00e9rieur parois m\u00e9talliques en clair<\/p>\n<p><b>Isolation + structure du SOL<\/b><br \/>\n- Finition du sol : Rev\u00eatement de sol en PVC gris de 2 mm,<br \/>\n- Panneau de particules de bois li\u00e9es au ciment 20 mm,<br \/>\n- Film PE,<br \/>\n- Isolation en laine min\u00e9rale de 100 mm d'\u00e9paisseur,<br \/>\n- capacit\u00e9 de charge du sol 200 kg\/m2<br \/>\n- Sacs pour chariots \u00e9l\u00e9vateurs<\/p>\n<p><b>Installation sanitaire<\/b><br \/>\n- 3x lave-mains eau froide\/chaude,<br \/>\n- 3x miroir, \u00e9tag\u00e8res, distributeur de savon, porte-serviettes,<br \/>\n- 2x cabines de toilettes,<\/p>\n<\/div>\n<div>- 2x cabines de douche avec garniture de douche,<\/div>\n<div>\n<p>- 1x Chauffe-eau 120L<\/p>\n<p><b>Syst\u00e8me d'eau :<\/b><br \/>\nEn saillie \u00e0 partir de tubes en PP, de raccords et de tubes soud\u00e9s,<br \/>\nadapt\u00e9 \u00e0 une pression de 0,45 MPa,<br \/>\n- Syst\u00e8me de canalisation apparent en tubes PVC.<br \/>\nInstallation dans le sol ou dans le mur<\/p>\n<p><b>A\u00e9ration :<\/b><br \/>\n- Ventilateurs ou grilles de ventilation<\/p>\n<\/div>\n<\/div>\n<\/div>\n<\/div>","protected":false},"excerpt":{"rendered":"<p>Conteneur sanitaire combin\u00e9'20 pieds -neuf d'usine- peinture ext\u00e9rieure en couleur RAL : 7035 gris clair Dimensions : 6.058 x l 2.438 x 2.500 mm hauteur int\u00e9rieure hauteur ext\u00e9rieure : 2.800 mm - 3x portes en acier 900 x 2.000mm, blanc - serrure \u00e0 cylindre profil\u00e9 incl. 3 cl\u00e9s - 1x basculant - fen\u00eatre verre feuillet\u00e9 avec U=1,1 W\/m\u00b2K - matinstallation \u00e9lectrique : - 2x interrupteur marche\/arr\u00eat, prises de courant 230V, - 3x lampes fluorescentes IP65 avec LED [...].<\/p>","protected":false},"featured_media":3325,"comment_status":"open","ping_status":"closed","template":"","meta":[],"product_brand":[],"product_cat":[123],"product_tag":[],"class_list":{"0":"post-4395","1":"product","2":"type-product","3":"status-publish","4":"has-post-thumbnail","6":"product_cat-sanitaer-kombi-container-neu","8":"first","9":"instock","10":"shipping-taxable","11":"purchasable","12":"product-type-simple"},"_links":{"self":[{"href":"https:\/\/eurocontain.de\/fr\/wp-json\/wp\/v2\/product\/4395","targetHints":{"allow":["GET"]}}],"collection":[{"href":"https:\/\/eurocontain.de\/fr\/wp-json\/wp\/v2\/product"}],"about":[{"href":"https:\/\/eurocontain.de\/fr\/wp-json\/wp\/v2\/types\/product"}],"replies":[{"embeddable":true,"href":"https:\/\/eurocontain.de\/fr\/wp-json\/wp\/v2\/comments?post=4395"}],"wp:featuredmedia":[{"embeddable":true,"href":"https:\/\/eurocontain.de\/fr\/wp-json\/wp\/v2\/media\/3325"}],"wp:attachment":[{"href":"https:\/\/eurocontain.de\/fr\/wp-json\/wp\/v2\/media?parent=4395"}],"wp:term":[{"taxonomy":"product_brand","embeddable":true,"href":"https:\/\/eurocontain.de\/fr\/wp-json\/wp\/v2\/product_brand?post=4395"},{"taxonomy":"product_cat","embeddable":true,"href":"https:\/\/eurocontain.de\/fr\/wp-json\/wp\/v2\/product_cat?post=4395"},{"taxonomy":"product_tag","embeddable":true,"href":"https:\/\/eurocontain.de\/fr\/wp-json\/wp\/v2\/product_tag?post=4395"}],"curies":[{"name":"wp","href":"https:\/\/api.w.org\/{rel}","templated":true}]}}