{"id":4392,"date":"2025-08-04T12:55:35","date_gmt":"2025-08-04T10:55:35","guid":{"rendered":"https:\/\/eurocontain.de\/?post_type=product&#038;p=4392"},"modified":"2025-08-07T11:17:14","modified_gmt":"2025-08-07T09:17:14","slug":"wc-container-homme-122","status":"publish","type":"product","link":"https:\/\/eurocontain.de\/fr\/conteneur\/wc-container-homme-122\/","title":{"rendered":"Conteneur de toilettes -Hommes #122"},"content":{"rendered":"<div class=\"elementor-element elementor-element-df852dd elementor-widget elementor-widget-text-editor\" data-id=\"df852dd\" data-element_type=\"widget\" data-widget_type=\"text-editor.default\">\n<div class=\"elementor-widget-container\">\n<div>\n<p class=\"elementor-heading-title elementor-size-default\"><strong>Conteneur WC 10 pieds<\/strong><br \/>\n<strong>Hommes - Pneu d'usine<\/strong><\/p>\n<\/div>\n<div>Peinture ext\u00e9rieure en couleur RAL : 7035 gris clair<br \/>\nDimensions : 2.990 x L 2.438 x 2.500 mm Hauteur int\u00e9rieure<br \/>\nhauteur ext\u00e9rieure : 2 800 mm<\/div>\n<\/div>\n<\/div>\n<div class=\"elementor-element elementor-element-1730647 elementor-widget elementor-widget-text-editor\" data-id=\"1730647\" data-element_type=\"widget\" data-widget_type=\"text-editor.default\">\n<div class=\"elementor-widget-container\">\n<div>\n<p>\u00c9quipement :<br \/>\n- 2x porte ext\u00e9rieure 875 x 2.000mm, blanc<br \/>\nserrure \u00e0 cylindre profil\u00e9, 3 cl\u00e9s incluses<br \/>\n- 2x fen\u00eatres basculantes<br \/>\nVerre feuillet\u00e9 avec U=1,1 W\/m\u00b2K - mat<br \/>\nInstallation \u00e9lectrique :<br \/>\n- 2x interrupteur marche\/arr\u00eat, prises de courant 230V,<br \/>\n- 2x lampes fluorescentes IP65 avec tubes LED 2x16W,<br \/>\n- 2x chauffage \u00e9lectrique 2,0kW,<br \/>\n- 1x bo\u00eete \u00e0 fusibles avec disjoncteur diff\u00e9rentiel,<br \/>\n- 2x fiches ext\u00e9rieures CEE 32A-5 p\u00f4les,<\/p>\n<div>-Isolation du sol 100mm<\/div>\n<div>-Isolation du toit 100mm<\/div>\n<div>-Isolation des murs 80mm<\/div>\n<p><b>Installation sanitaire<\/b><br \/>\n- 2x lave-mains eau froide\/chaude,<br \/>\n- 2x miroir, \u00e9tag\u00e8res, distributeur de savon, porte-serviettes,<br \/>\n- 2x cabines de toilettes avec chasse d'eau sous pression<br \/>\n- 2x urinoirs avec chasse d'eau sous pression<br \/>\n- 2x appareil UT 5L<\/p>\n<p><b>Syst\u00e8me d'eau :<\/b><br \/>\nEn saillie \u00e0 partir de tubes en PP, de raccords et de tubes soud\u00e9s,<br \/>\nadapt\u00e9 \u00e0 une pression de 0,45 MPa,<br \/>\n- Syst\u00e8me de canalisation apparent en tubes PVC.<br \/>\nInstallation dans le sol ou dans le mur<\/p>\n<p><b>A\u00e9ration :<\/b><br \/>\n- Ventilateurs ou grilles de ventilation<\/p>\n<p><strong>sans r\u00e9servoir d'eaux us\u00e9es<\/strong><\/p>\n<\/div>\n<\/div>\n<\/div>","protected":false},"excerpt":{"rendered":"<p>Conteneur WC 10 pieds hommes - neuf d'usine Peinture ext\u00e9rieure en couleur RAL : 7035 gris clair Dimensions : 2.990 x l 2.438 x 2.500 mm Hauteur int\u00e9rieure Hauteur ext\u00e9rieure : 2.800 mm \u00c9quipement : - 2x portes ext\u00e9rieures 875 x 2.000mm, blanc Serrure \u00e0 cylindre profil\u00e9 incl. 3 cl\u00e9s - 2x fen\u00eatres basculantes Verre feuillet\u00e9 avec U=1,1 W\/m\u00b2K - mat Installation \u00e9lectrique : - 2x interrupteur marche\/arr\u00eat, prises de courant 230V, - 2x lampes fluorescentes [...].<\/p>","protected":false},"featured_media":4207,"comment_status":"open","ping_status":"closed","template":"","meta":[],"product_brand":[],"product_cat":[121],"product_tag":[],"class_list":{"0":"post-4392","1":"product","2":"type-product","3":"status-publish","4":"has-post-thumbnail","6":"product_cat-wc-container","8":"first","9":"instock","10":"shipping-taxable","11":"purchasable","12":"product-type-simple"},"_links":{"self":[{"href":"https:\/\/eurocontain.de\/fr\/wp-json\/wp\/v2\/product\/4392","targetHints":{"allow":["GET"]}}],"collection":[{"href":"https:\/\/eurocontain.de\/fr\/wp-json\/wp\/v2\/product"}],"about":[{"href":"https:\/\/eurocontain.de\/fr\/wp-json\/wp\/v2\/types\/product"}],"replies":[{"embeddable":true,"href":"https:\/\/eurocontain.de\/fr\/wp-json\/wp\/v2\/comments?post=4392"}],"wp:featuredmedia":[{"embeddable":true,"href":"https:\/\/eurocontain.de\/fr\/wp-json\/wp\/v2\/media\/4207"}],"wp:attachment":[{"href":"https:\/\/eurocontain.de\/fr\/wp-json\/wp\/v2\/media?parent=4392"}],"wp:term":[{"taxonomy":"product_brand","embeddable":true,"href":"https:\/\/eurocontain.de\/fr\/wp-json\/wp\/v2\/product_brand?post=4392"},{"taxonomy":"product_cat","embeddable":true,"href":"https:\/\/eurocontain.de\/fr\/wp-json\/wp\/v2\/product_cat?post=4392"},{"taxonomy":"product_tag","embeddable":true,"href":"https:\/\/eurocontain.de\/fr\/wp-json\/wp\/v2\/product_tag?post=4392"}],"curies":[{"name":"wp","href":"https:\/\/api.w.org\/{rel}","templated":true}]}}