{"id":4389,"date":"2025-08-04T12:51:11","date_gmt":"2025-08-04T10:51:11","guid":{"rendered":"https:\/\/eurocontain.de\/?post_type=product&#038;p=4389"},"modified":"2026-04-17T09:30:08","modified_gmt":"2026-04-17T07:30:08","slug":"conteneur-despace-124","status":"publish","type":"product","link":"https:\/\/eurocontain.de\/fr\/conteneur\/conteneur-despace-124\/","title":{"rendered":"B\u00fcrocontainer mit WC-Trakt #124"},"content":{"rendered":"<div class=\"elementor-element elementor-element-df852dd elementor-widget elementor-widget-text-editor\" data-id=\"df852dd\" data-element_type=\"widget\" data-widget_type=\"text-editor.default\">\n<div class=\"elementor-widget-container\">\n<div>\n<p><strong>B\u00fcrocontainer mit WC-Trakt \u2013 Werksneu \u2013<\/strong><br \/>\n<strong>Peinture ext\u00e9rieure en couleur RAL : 7016 anthracite<\/strong><br \/>\ndimension :<br \/>\nL 6.058 x B 2.438 x 2.500mm-Innenh\u00f6he-<br \/>\nAu\u00dfenh\u00f6he: 2.830mm<\/p>\n<\/div>\n<\/div>\n<\/div>\n<div class=\"elementor-element elementor-element-1730647 elementor-widget elementor-widget-text-editor\" data-id=\"1730647\" data-element_type=\"widget\" data-widget_type=\"text-editor.default\">\n<div class=\"elementor-widget-container\">\n<div>\n<p><strong>\u00c9quipement :<\/strong><br \/>\n1 x Stahlau\u00dfent\u00fcre 875 x 2.000 mm mit<br \/>\nSerrure \u00e0 cylindre profil\u00e9 avec 3 cl\u00e9s,<br \/>\n1 x support de porte pr\u00e9mont\u00e9,<br \/>\n1 x t\u00f4le d'\u00e9vacuation de la pluie,<br \/>\n2 x Fenster 940 x 1.422 mm mit D\/K Beschlag<br \/>\nund Kunststoffrollladen mit Gurtstraffer 1,1 U-Wert \/ m\u00b2K,<br \/>\n<strong>Installation \u00e9lectrique compos\u00e9e de :<\/strong><br \/>\n1 x combinaison prise \/ interrupteur d'\u00e9clairage,<br \/>\n2 x LED \u2013 Langfeldleuchten,<br \/>\n3 x Doppelsteckdosen,<br \/>\n1 x convecteur de chauffage 2,0 KW,<br \/>\n1x bo\u00eete \u00e0 fusibles avec disjoncteur diff\u00e9rentiel,<br \/>\n2x fiches ext\u00e9rieures CEE 32A-5 p\u00f4les,<br \/>\n<strong>l'isolation :<\/strong><br \/>\nBoden: PU \u2013 Paneel = 100mm U = 0,27 W\/m\u00b2K<br \/>\nDach: PU \u2013 Paneel = 100 mm U = 0,27 W\/m\u00b2K<br \/>\nWand: PU-Paneel = 100 mm U = 0,23 W\/m\u00b2K<br \/>\nBodenbelag: PVC Bodenbelag 2,0 mm, grau<br \/>\nZementgebundene Bodenplatte, 19-20 mm<br \/>\nInnendekor: Metallw\u00e4nde in hell<br \/>\nInstallation \u00e9lectrique de base encastr\u00e9e selon OVE\/VDE<br \/>\nStaplertaschen \u2013 Bodenbelasbarkeit 300kg\/m\u00b2<br \/>\nempilable sur trois niveaux<br \/>\n<strong>Installation sanitaire<\/strong>:<br \/>\n- 1x lave-mains eau froide\/chaude,<br \/>\n- 1x miroir, \u00e9tag\u00e8res, distributeur de savon, porte-serviettes,<br \/>\n- 1x toilettes avec chasse d'eau \u00e0 pression,<br \/>\n- 1x urinoir avec chasse d'eau sous pression<br \/>\n- 1x appareil UT 5 litres,<\/p>\n<\/div>\n<p>&nbsp;<\/p>\n<\/div>\n<\/div>","protected":false},"excerpt":{"rendered":"<p>B\u00fcrocontainer mit WC-Trakt \u2013 Werksneu \u2013 Au\u00dfenlackierung in RAL-Farbe: 7016 anthrazit Abmessung: L 6.058 x B 2.438 x 2.500mm-Innenh\u00f6he- Au\u00dfenh\u00f6he: 2.830mm Ausstattung: 1 x Stahlau\u00dfent\u00fcre 875 x 2.000 mm mit Profilzylinderschlo\u00df inkl. 3 Schl\u00fcsseln, 1 x T\u00fcrhalter vormontiert, 1 x Regenablaufblech, 2 x Fenster 940 x 1.422 mm mit D\/K Beschlag und Kunststoffrollladen mit Gurtstraffer [&hellip;]<\/p>","protected":false},"featured_media":4244,"comment_status":"open","ping_status":"closed","template":"","meta":[],"product_brand":[],"product_cat":[122,129,131,120,121],"product_tag":[],"class_list":{"0":"post-4389","1":"product","2":"type-product","3":"status-publish","4":"has-post-thumbnail","6":"product_cat-raumcontainer-mit-wc-trakt","7":"product_cat-buerocontainer","8":"product_cat-buerocontainer-mit-wc-trakt","9":"product_cat-raumcontainer","10":"product_cat-wc-container","12":"first","13":"instock","14":"shipping-taxable","15":"purchasable","16":"product-type-simple"},"_links":{"self":[{"href":"https:\/\/eurocontain.de\/fr\/wp-json\/wp\/v2\/product\/4389","targetHints":{"allow":["GET"]}}],"collection":[{"href":"https:\/\/eurocontain.de\/fr\/wp-json\/wp\/v2\/product"}],"about":[{"href":"https:\/\/eurocontain.de\/fr\/wp-json\/wp\/v2\/types\/product"}],"replies":[{"embeddable":true,"href":"https:\/\/eurocontain.de\/fr\/wp-json\/wp\/v2\/comments?post=4389"}],"wp:featuredmedia":[{"embeddable":true,"href":"https:\/\/eurocontain.de\/fr\/wp-json\/wp\/v2\/media\/4244"}],"wp:attachment":[{"href":"https:\/\/eurocontain.de\/fr\/wp-json\/wp\/v2\/media?parent=4389"}],"wp:term":[{"taxonomy":"product_brand","embeddable":true,"href":"https:\/\/eurocontain.de\/fr\/wp-json\/wp\/v2\/product_brand?post=4389"},{"taxonomy":"product_cat","embeddable":true,"href":"https:\/\/eurocontain.de\/fr\/wp-json\/wp\/v2\/product_cat?post=4389"},{"taxonomy":"product_tag","embeddable":true,"href":"https:\/\/eurocontain.de\/fr\/wp-json\/wp\/v2\/product_tag?post=4389"}],"curies":[{"name":"wp","href":"https:\/\/api.w.org\/{rel}","templated":true}]}}