{"id":5009,"date":"2025-08-25T10:41:24","date_gmt":"2025-08-25T08:41:24","guid":{"rendered":"https:\/\/eurocontain.de\/?post_type=product&#038;p=5009"},"modified":"2026-04-17T09:02:25","modified_gmt":"2026-04-17T07:02:25","slug":"sistema-duo-125","status":"publish","type":"product","link":"https:\/\/eurocontain.de\/es\/contenedor\/sistema-duo-125\/","title":{"rendered":"Sistema Duo #125"},"content":{"rendered":"<div class=\"elementor-element elementor-element-3d880a5 elementor-widget elementor-widget-heading\" data-id=\"3d880a5\" data-element_type=\"widget\" data-widget_type=\"heading.default\">\n<div class=\"elementor-widget-container\">\n<p class=\"elementor-heading-title elementor-size-default\"><strong>Sistema d\u00fao compuesto por:<\/strong><br \/>\n<strong>2 contenedores de oficina de 20 pies - a estrenar<\/strong><\/p>\n<\/div>\n<\/div>\n<div class=\"elementor-element elementor-element-df852dd elementor-widget elementor-widget-text-editor\" data-id=\"df852dd\" data-element_type=\"widget\" data-widget_type=\"text-editor.default\">\n<div class=\"elementor-widget-container\">\n<div class=\"wpb_text_column wpb_content_element\">\n<p>Pintura exterior en color RAL: 9002 gris-blanco<\/p>\n<p><strong>Dimensi\u00f3n:<\/strong><br \/>\nL 6.058 x B 4.876 x 2.500mm-Innenh\u00f6he-<br \/>\nAu\u00dfenh\u00f6he: 2.830mm<\/p>\n<\/div>\n<\/div>\n<\/div>\n<h3 class=\"elementor-heading-title elementor-size-default\">Equipamiento:<\/h3>\n<ul>\n<li>1 x Stahlau\u00dfent\u00fcre 875 x 2.000 mm mit<br \/>\nCerradura de cilindro de perfil incl. 3 llaves,<\/li>\n<li>1 x soporte de puerta premontado,<\/li>\n<li>1 x placa de drenaje de lluvia,<\/li>\n<li>3 x Doppelfenster 1.756 x 1.422 mm mit D\/K Beschlag<br \/>\ny persianas enrollables de pl\u00e1stico con tensores de correa,<\/li>\n<li>1 x ventana 900 x 1.200 mm con herraje D\/K<br \/>\ny persianas enrollables de pl\u00e1stico con tensores de correa,<\/li>\n<li><strong>Instalaci\u00f3n el\u00e9ctrica compuesta por:<\/strong><\/li>\n<li>4 luces LED,<\/li>\n<li>6 tomas dobles,<\/li>\n<li>1 combinaci\u00f3n de enchufe e interruptor,<\/li>\n<li>2 x calefactor convector 2,0 KW Dimplex,<\/li>\n<li>Klima &#8211; Splitger\u00e4t Monoblock 2,7kW<br \/>\nEdge 30 HP RFA<br \/>\nWandeinbau zum Heizen u. K\u00fchlen<br \/>\ninkl. Fernbedienung<br \/>\nKein Au\u00dfenger\u00e4t erforderlich!!!<br \/>\n<strong>Aislamiento:<\/strong><\/li>\n<li>Boden: Mineralw. s = 100 mm U = 0,27 W\/m2K<\/li>\n<li>Dach: Mineralw. s = 100 mm U = 0,27 W\/m2K<\/li>\n<li>Wand: PU-Paneel s = 100 mm U = 0,23 W\/m2K<\/li>\n<li>Revestimiento del suelo: aglomerado de cemento, 22 mm<br \/>\nRevestimiento de suelo de PVC de 2,0 mm, gris<\/li>\n<li>Innendekor: Blech glatt hell<br \/>\nRevestimiento del techo: Plafones o chapa de color claro<\/li>\n<li>Instalaci\u00f3n el\u00e9ctrica empotrada b\u00e1sica seg\u00fan OVE\/VDE<\/li>\n<li>Bolsillos para carretillas elevadoras - capacidad de carga del suelo 300 kg\/m\u00b2.<\/li>\n<li>triple apilable<\/li>\n<\/ul>","protected":false},"excerpt":{"rendered":"<p>Duo-Anlage bestehend aus: 2 St\u00fcck B\u00fcrocontainer 20 Fu\u00df \u2013 fabrikneu Au\u00dfenlackierung in RAL-Farbe: 9002 grauwei\u00df Abmessung: L 6.058 x B 4.876 x 2.500mm-Innenh\u00f6he- Au\u00dfenh\u00f6he: 2.830mm Ausstattung: 1 x Stahlau\u00dfent\u00fcre 875 x 2.000 mm mit Profilzylinderschlo\u00df inkl. 3 Schl\u00fcsseln, 1 x T\u00fcrhalter vormontiert, 1 x Regenablaufblech, 3 x Doppelfenster 1.756 x 1.422 mm mit D\/K Beschlag [&hellip;]<\/p>","protected":false},"featured_media":5022,"comment_status":"open","ping_status":"closed","template":"","meta":[],"product_brand":[],"product_cat":[125],"product_tag":[],"class_list":{"0":"post-5009","1":"product","2":"type-product","3":"status-publish","4":"has-post-thumbnail","6":"product_cat-containeranlage","8":"first","9":"instock","10":"shipping-taxable","11":"purchasable","12":"product-type-simple"},"_links":{"self":[{"href":"https:\/\/eurocontain.de\/es\/wp-json\/wp\/v2\/product\/5009","targetHints":{"allow":["GET"]}}],"collection":[{"href":"https:\/\/eurocontain.de\/es\/wp-json\/wp\/v2\/product"}],"about":[{"href":"https:\/\/eurocontain.de\/es\/wp-json\/wp\/v2\/types\/product"}],"replies":[{"embeddable":true,"href":"https:\/\/eurocontain.de\/es\/wp-json\/wp\/v2\/comments?post=5009"}],"wp:featuredmedia":[{"embeddable":true,"href":"https:\/\/eurocontain.de\/es\/wp-json\/wp\/v2\/media\/5022"}],"wp:attachment":[{"href":"https:\/\/eurocontain.de\/es\/wp-json\/wp\/v2\/media?parent=5009"}],"wp:term":[{"taxonomy":"product_brand","embeddable":true,"href":"https:\/\/eurocontain.de\/es\/wp-json\/wp\/v2\/product_brand?post=5009"},{"taxonomy":"product_cat","embeddable":true,"href":"https:\/\/eurocontain.de\/es\/wp-json\/wp\/v2\/product_cat?post=5009"},{"taxonomy":"product_tag","embeddable":true,"href":"https:\/\/eurocontain.de\/es\/wp-json\/wp\/v2\/product_tag?post=5009"}],"curies":[{"name":"wp","href":"https:\/\/api.w.org\/{rel}","templated":true}]}}