{"id":5448,"date":"2025-09-24T09:40:36","date_gmt":"2025-09-24T07:40:36","guid":{"rendered":"https:\/\/eurocontain.de\/?post_type=product&#038;p=5448"},"modified":"2026-04-17T09:20:42","modified_gmt":"2026-04-17T07:20:42","slug":"buerocontainer20-feet-brand-new-126","status":"publish","type":"product","link":"https:\/\/eurocontain.de\/en\/container\/buerocontainer20-feet-brand-new-126\/","title":{"rendered":"Office container '20 feet - brand new- #126"},"content":{"rendered":"<p><strong>Office container '20 feet - brand new-<\/strong><br \/>\n<strong>Au\u00dfenlackierung in RAL-Farbe 7035 lichgrau<\/strong><br \/>\nDimensions: L: 6,058 x W: 2,438 x H: 2,830 mm<br \/>\nInterior room height: RIH: 2,500 mm<br \/>\nEquipment:<br \/>\n1 x Stahlau\u00dfent\u00fcre 875 x 2.000 mm mit<br \/>\nProfile cylinder lock incl. 3 keys,<br \/>\n1 x door holder pre-assembled,<br \/>\n1 x rain drain plate,<br \/>\n1 x Doppelfenster 1.756 x 1.422 mm mit D\/K Beschlag<br \/>\nund Kunststoffrollladen mit Gurtstraffer 1,1 U-Wert \/ m\u00b2K,<br \/>\nElectrical installation consisting of:<br \/>\n1 x socket \/ light switch combination,<br \/>\n2 x LED &#8211; Langfeldleuchten,<br \/>\n2 x Doppelsteckdosen,<br \/>\n1 x heating convector 2.0 KW,<br \/>\n1x fuse box with RCD,<br \/>\n2x CEE external plug 32A 5-pin,<br \/>\nInsulation:<br \/>\nBoden: PU &#8211; Paneel = 100mm U = 0,27 W\/m\u00b2K<br \/>\nDach: PU &#8211; Paneel = 100 mm U = 0,27 W\/m\u00b2K<br \/>\nWand: PU-Paneel = 100 mm U = 0,23 W\/m\u00b2K<br \/>\nBodenbelag: PVC Bodenbelag 2,0 mm, grau<br \/>\nZementgebundene Bodenplatte, 19-20 mm<br \/>\nInnendekor: Metallw\u00e4nde in hell<br \/>\nBasic flush-mounted electrical installation according to OVE\/VDE<br \/>\nForklift pockets - floor load capacity 300kg\/m\u00b2<br \/>\ntriple stackable<\/p>","protected":false},"excerpt":{"rendered":"<p>B\u00fcrocontainer\u00b420 Fu\u00df &#8211; fabrikneu- Au\u00dfenlackierung in RAL-Farbe 7035 lichgrau Abmessungen: L: 6.058 x B: 2.438 x H: 2.830 mm Raum Innenh\u00f6he: RIH: 2.500 mm Ausstattung: 1 x Stahlau\u00dfent\u00fcre 875 x 2.000 mm mit Profilzylinderschlo\u00df inkl. 3 Schl\u00fcsseln, 1 x T\u00fcrhalter vormontiert, 1 x Regenablaufblech, 1 x Doppelfenster 1.756 x 1.422 mm mit D\/K Beschlag und [&hellip;]<\/p>","protected":false},"featured_media":5545,"comment_status":"open","ping_status":"closed","template":"","meta":[],"product_brand":[],"product_cat":[129,120],"product_tag":[],"class_list":{"0":"post-5448","1":"product","2":"type-product","3":"status-publish","4":"has-post-thumbnail","6":"product_cat-buerocontainer","7":"product_cat-raumcontainer","9":"first","10":"instock","11":"shipping-taxable","12":"purchasable","13":"product-type-simple"},"_links":{"self":[{"href":"https:\/\/eurocontain.de\/en\/wp-json\/wp\/v2\/product\/5448","targetHints":{"allow":["GET"]}}],"collection":[{"href":"https:\/\/eurocontain.de\/en\/wp-json\/wp\/v2\/product"}],"about":[{"href":"https:\/\/eurocontain.de\/en\/wp-json\/wp\/v2\/types\/product"}],"replies":[{"embeddable":true,"href":"https:\/\/eurocontain.de\/en\/wp-json\/wp\/v2\/comments?post=5448"}],"wp:featuredmedia":[{"embeddable":true,"href":"https:\/\/eurocontain.de\/en\/wp-json\/wp\/v2\/media\/5545"}],"wp:attachment":[{"href":"https:\/\/eurocontain.de\/en\/wp-json\/wp\/v2\/media?parent=5448"}],"wp:term":[{"taxonomy":"product_brand","embeddable":true,"href":"https:\/\/eurocontain.de\/en\/wp-json\/wp\/v2\/product_brand?post=5448"},{"taxonomy":"product_cat","embeddable":true,"href":"https:\/\/eurocontain.de\/en\/wp-json\/wp\/v2\/product_cat?post=5448"},{"taxonomy":"product_tag","embeddable":true,"href":"https:\/\/eurocontain.de\/en\/wp-json\/wp\/v2\/product_tag?post=5448"}],"curies":[{"name":"wp","href":"https:\/\/api.w.org\/{rel}","templated":true}]}}