{"id":4399,"date":"2025-08-04T13:26:44","date_gmt":"2025-08-04T11:26:44","guid":{"rendered":"https:\/\/eurocontain.de\/?post_type=product&#038;p=4399"},"modified":"2026-04-17T09:09:06","modified_gmt":"2026-04-17T07:09:06","slug":"duo-system-93","status":"publish","type":"product","link":"https:\/\/eurocontain.de\/en\/container\/duo-system-93\/","title":{"rendered":"Duo system #93"},"content":{"rendered":"<div class=\"elementor-element elementor-element-3d880a5 elementor-widget elementor-widget-heading\" data-id=\"3d880a5\" data-element_type=\"widget\" data-widget_type=\"heading.default\">\n<div class=\"elementor-widget-container\">\n<p class=\"elementor-heading-title elementor-size-default\"><strong>Duo system consisting of:<\/strong><br \/>\n<strong>2 office containers 20 feet - brand new<\/strong><\/p>\n<\/div>\n<\/div>\n<div class=\"elementor-element elementor-element-df852dd elementor-widget elementor-widget-text-editor\" data-id=\"df852dd\" data-element_type=\"widget\" data-widget_type=\"text-editor.default\">\n<div class=\"elementor-widget-container\">\n<div class=\"wpb_text_column wpb_content_element\">\n<p>Exterior paint finish in RAL color: 9002 grey-white<\/p>\n<p>Dimension:<br \/>\nL 6.058 x B 4.876 x 2.500mm-Innenh\u00f6he-<br \/>\nAu\u00dfenh\u00f6he: 2.830mm<\/p>\n<\/div>\n<\/div>\n<\/div>\n<h3 class=\"elementor-heading-title elementor-size-default\">Equipment:<\/h3>\n<ul>\n<li>1 x Stahlau\u00dfent\u00fcre 875 x 2.000 mm mit<br \/>\nProfile cylinder lock incl. 3 keys,<\/li>\n<li>1 x door holder pre-assembled,<\/li>\n<li>1 x rain drain plate,<\/li>\n<li>10 x Fenster 940 x 1.422 mm mit D\/K Beschlag<br \/>\nand plastic roller shutter with belt tensioner,<\/li>\n<li><strong>Electrical installation consisting of:<\/strong><\/li>\n<li>4 x LED lights,<\/li>\n<li>6 x double sockets,<\/li>\n<li>1 x socket \/ light switch combination,<\/li>\n<li>2 x convector heater 2.0 KW Dimplex,<br \/>\n<strong>Insulation:<\/strong><\/li>\n<li>Boden: Mineralw. s = 100 mm U = 0,27 W\/m2K<\/li>\n<li>Dach: Mineralw. s = 100 mm U = 0,27 W\/m2K<\/li>\n<li>Wand: PU-Paneel s = 100 mm U = 0,23 W\/m2K<\/li>\n<li>Floor covering: cement-bonded chipboard, 22 mm<br \/>\nPVC floor covering 2.0 mm, gray<\/li>\n<li>Innendekor: Blech glatt hell<br \/>\nCeiling cladding: Ceiling tiles or sheet metal in light color<\/li>\n<li>Basic flush-mounted electrical installation according to OVE\/VDE<\/li>\n<li>Staplertaschen \u2013 Bodenbelasbarkeit 300kg\/m\u00b2<\/li>\n<li>triple stackable<\/li>\n<\/ul>\n<p>&nbsp;<\/p>","protected":false},"excerpt":{"rendered":"<p>Duo-Anlage bestehend aus: 2 St\u00fcck B\u00fcrocontainer 20 Fu\u00df \u2013 fabrikneu Au\u00dfenlackierung in RAL-Farbe: 9002 grauwei\u00df Abmessung: L 6.058 x B 4.876 x 2.500mm-Innenh\u00f6he- Au\u00dfenh\u00f6he: 2.830mm Ausstattung: 1 x Stahlau\u00dfent\u00fcre 875 x 2.000 mm mit Profilzylinderschlo\u00df inkl. 3 Schl\u00fcsseln, 1 x T\u00fcrhalter vormontiert, 1 x Regenablaufblech, 10 x Fenster 940 x 1.422 mm mit D\/K Beschlag [&hellip;]<\/p>","protected":false},"featured_media":1178,"comment_status":"open","ping_status":"closed","template":"","meta":[],"product_brand":[],"product_cat":[125],"product_tag":[],"class_list":{"0":"post-4399","1":"product","2":"type-product","3":"status-publish","4":"has-post-thumbnail","6":"product_cat-containeranlage","8":"first","9":"instock","10":"shipping-taxable","11":"purchasable","12":"product-type-simple"},"_links":{"self":[{"href":"https:\/\/eurocontain.de\/en\/wp-json\/wp\/v2\/product\/4399","targetHints":{"allow":["GET"]}}],"collection":[{"href":"https:\/\/eurocontain.de\/en\/wp-json\/wp\/v2\/product"}],"about":[{"href":"https:\/\/eurocontain.de\/en\/wp-json\/wp\/v2\/types\/product"}],"replies":[{"embeddable":true,"href":"https:\/\/eurocontain.de\/en\/wp-json\/wp\/v2\/comments?post=4399"}],"wp:featuredmedia":[{"embeddable":true,"href":"https:\/\/eurocontain.de\/en\/wp-json\/wp\/v2\/media\/1178"}],"wp:attachment":[{"href":"https:\/\/eurocontain.de\/en\/wp-json\/wp\/v2\/media?parent=4399"}],"wp:term":[{"taxonomy":"product_brand","embeddable":true,"href":"https:\/\/eurocontain.de\/en\/wp-json\/wp\/v2\/product_brand?post=4399"},{"taxonomy":"product_cat","embeddable":true,"href":"https:\/\/eurocontain.de\/en\/wp-json\/wp\/v2\/product_cat?post=4399"},{"taxonomy":"product_tag","embeddable":true,"href":"https:\/\/eurocontain.de\/en\/wp-json\/wp\/v2\/product_tag?post=4399"}],"curies":[{"name":"wp","href":"https:\/\/api.w.org\/{rel}","templated":true}]}}