{"id":4398,"date":"2025-08-04T13:20:40","date_gmt":"2025-08-04T11:20:40","guid":{"rendered":"https:\/\/eurocontain.de\/?post_type=product&#038;p=4398"},"modified":"2026-04-17T09:22:36","modified_gmt":"2026-04-17T07:22:36","slug":"buerocontainer-95","status":"publish","type":"product","link":"https:\/\/eurocontain.de\/en\/container\/buerocontainer-95\/","title":{"rendered":"B\u00fcrocontainer #95"},"content":{"rendered":"<p><strong>B\u00fcrocontainer\u00b420 Fu\u00df \u2013 fabrikneu-<\/strong><br \/>\n<strong>Au\u00dfenlackierung in RAL-Farbe 7035 lichgrau<\/strong><br \/>\nDimensions: L: 6,058 x W: 2,438 x H: 2,830 mm<br \/>\nInterior room height: RIH: 2,500 mm<br \/>\n<strong>Equipment:<\/strong><br \/>\n1 x Stahlau\u00dfent\u00fcre 875 x 2.000 mm mit<br \/>\nProfile cylinder lock incl. 3 keys,<br \/>\n1 x door holder pre-assembled,<br \/>\n1 x rain drain plate,<br \/>\n2 x Doppelfenster 1.756 x 1.422 mm mit D\/K Beschlag<br \/>\nund Kunststoffrollladen mit Gurtstraffer 1,1 U-Wert \/ m\u00b2K,<br \/>\n<strong>Electrical installation consisting of:<\/strong><br \/>\n1 x socket \/ light switch combination,<br \/>\n2 x LED \u2013 Langfeldleuchten,<br \/>\n2 x Doppelsteckdosen,<br \/>\n1 x heating convector 2.0 KW,<br \/>\n1x fuse box with RCD,<br \/>\n2x CEE external plug 32A 5-pin,<br \/>\n<strong>Insulation:<\/strong><br \/>\nBoden: PU \u2013 Paneel = 100mm U = 0,27 W\/m\u00b2K<br \/>\nDach: PU \u2013 Paneel = 100 mm U = 0,27 W\/m\u00b2K<br \/>\nWand: PU-Paneel = 100 mm U = 0,23 W\/m\u00b2K<br \/>\nBodenbelag: PVC Bodenbelag 2,0 mm, grau<br \/>\nZementgebundene Bodenplatte, 19-20 mm<br \/>\nInnendekor: Metallw\u00e4nde in hell<br \/>\nBasic flush-mounted electrical installation according to OVE\/VDE<br \/>\nStaplertaschen \u2013 Bodenbelasbarkeit 300kg\/m\u00b2<br \/>\ntriple stackable<\/p>","protected":false},"excerpt":{"rendered":"<p>B\u00fcrocontainer\u00b420 Fu\u00df \u2013 fabrikneu- Au\u00dfenlackierung in RAL-Farbe 7035 lichgrau Abmessungen: L: 6.058 x B: 2.438 x H: 2.830 mm Raum Innenh\u00f6he: RIH: 2.500 mm Ausstattung: 1 x Stahlau\u00dfent\u00fcre 875 x 2.000 mm mit Profilzylinderschlo\u00df inkl. 3 Schl\u00fcsseln, 1 x T\u00fcrhalter vormontiert, 1 x Regenablaufblech, 2 x Doppelfenster 1.756 x 1.422 mm mit D\/K Beschlag und [&hellip;]<\/p>","protected":false},"featured_media":287,"comment_status":"open","ping_status":"closed","template":"","meta":[],"product_brand":[],"product_cat":[120,129],"product_tag":[],"class_list":{"0":"post-4398","1":"product","2":"type-product","3":"status-publish","4":"has-post-thumbnail","6":"product_cat-raumcontainer","7":"product_cat-buerocontainer","9":"first","10":"instock","11":"shipping-taxable","12":"purchasable","13":"product-type-simple"},"_links":{"self":[{"href":"https:\/\/eurocontain.de\/en\/wp-json\/wp\/v2\/product\/4398","targetHints":{"allow":["GET"]}}],"collection":[{"href":"https:\/\/eurocontain.de\/en\/wp-json\/wp\/v2\/product"}],"about":[{"href":"https:\/\/eurocontain.de\/en\/wp-json\/wp\/v2\/types\/product"}],"replies":[{"embeddable":true,"href":"https:\/\/eurocontain.de\/en\/wp-json\/wp\/v2\/comments?post=4398"}],"wp:featuredmedia":[{"embeddable":true,"href":"https:\/\/eurocontain.de\/en\/wp-json\/wp\/v2\/media\/287"}],"wp:attachment":[{"href":"https:\/\/eurocontain.de\/en\/wp-json\/wp\/v2\/media?parent=4398"}],"wp:term":[{"taxonomy":"product_brand","embeddable":true,"href":"https:\/\/eurocontain.de\/en\/wp-json\/wp\/v2\/product_brand?post=4398"},{"taxonomy":"product_cat","embeddable":true,"href":"https:\/\/eurocontain.de\/en\/wp-json\/wp\/v2\/product_cat?post=4398"},{"taxonomy":"product_tag","embeddable":true,"href":"https:\/\/eurocontain.de\/en\/wp-json\/wp\/v2\/product_tag?post=4398"}],"curies":[{"name":"wp","href":"https:\/\/api.w.org\/{rel}","templated":true}]}}