{"id":4394,"date":"2025-08-04T13:02:42","date_gmt":"2025-08-04T11:02:42","guid":{"rendered":"https:\/\/eurocontain.de\/?post_type=product&#038;p=4394"},"modified":"2026-04-17T09:32:14","modified_gmt":"2026-04-17T07:32:14","slug":"buerocontainer-werksneu-116","status":"publish","type":"product","link":"https:\/\/eurocontain.de\/en\/container\/buerocontainer-werksneu-116\/","title":{"rendered":"B\u00fcrocontainer -werksneu- #116"},"content":{"rendered":"<div class=\"elementor-element elementor-element-df852dd elementor-widget elementor-widget-text-editor\" data-id=\"df852dd\" data-element_type=\"widget\" data-widget_type=\"text-editor.default\">\n<div class=\"elementor-widget-container\">\n<div>\n<div class=\"moz-signature\">\n<p class=\"elementor-heading-title elementor-size-default\"><strong>B\u00fcrocontainer\u00b420 Fu\u00df -werksneu-<\/strong><\/p>\n<p>Exterior paint finish in RAL color: 7035 light grey<\/p>\n<\/div>\n<div class=\"moz-signature\">Dimensions: 6,058 x W 2,438 x 2,500 mm internal height<br \/>\nExternal height: 2,800 mm<\/div>\n<\/div>\n<\/div>\n<\/div>\n<div class=\"elementor-element elementor-element-1730647 elementor-widget elementor-widget-text-editor\" data-id=\"1730647\" data-element_type=\"widget\" data-widget_type=\"text-editor.default\">\n<div class=\"elementor-widget-container\">\n<div>\n<div>\n<p><strong>Equipment:<\/strong><br \/>\n1 x Stahlau\u00dfent\u00fcre 875 x 2.000 mm mit<br \/>\nProfile cylinder lock incl. 3 keys,<br \/>\n1 x door holder pre-assembled,<br \/>\n1 x rain drain plate,<br \/>\n2 x Fenster 940 x 1.422 mm mit D\/K Beschlag<br \/>\nund Kunststoffrollladen mit Gurtstraffer 1,1 U-Wert \/ m\u00b2K,<br \/>\n<strong>Electrical installation consisting of:<\/strong><br \/>\n1 x socket \/ light switch combination,<br \/>\n2 x LED \u2013 Langfeldleuchten,<br \/>\n3 x Doppelsteckdosen,<br \/>\n1 x heating convector 2.0 KW,<br \/>\n1x fuse box with RCD,<br \/>\n2x CEE external plug 32A 5-pin,<br \/>\n<strong>Insulation:<\/strong><br \/>\nBoden: PU \u2013 Paneel = 100mm U = 0,27 W\/m\u00b2K<br \/>\nDach: PU \u2013 Paneel = 100 mm U = 0,27 W\/m\u00b2K<br \/>\nWand: PU-Paneel = 100 mm U = 0,23 W\/m\u00b2K<br \/>\nBodenbelag: PVC Bodenbelag 2,0 mm, grau<br \/>\nZementgebundene Bodenplatte, 19-20 mm<br \/>\nInnendekor: Metallw\u00e4nde in hell<br \/>\nBasic flush-mounted electrical installation according to OVE\/VDE<br \/>\nStaplertaschen \u2013 Bodenbelasbarkeit 300kg\/m\u00b2<br \/>\ntriple stackable<\/p>\n<\/div>\n<\/div>\n<\/div>\n<\/div>","protected":false},"excerpt":{"rendered":"<p>B\u00fcrocontainer\u00b420 Fu\u00df -werksneu- Au\u00dfenlackierung in RAL-Farbe: 7035 lichtgrau Abmessung: 6.058 x B 2.438 x 2.500 mm Innenh\u00f6he Au\u00dfenh\u00f6he: 2.800 mm Ausstattung: 1 x Stahlau\u00dfent\u00fcre 875 x 2.000 mm mit Profilzylinderschlo\u00df inkl. 3 Schl\u00fcsseln, 1 x T\u00fcrhalter vormontiert, 1 x Regenablaufblech, 2 x Fenster 940 x 1.422 mm mit D\/K Beschlag und Kunststoffrollladen mit Gurtstraffer 1,1 [&hellip;]<\/p>","protected":false},"featured_media":3747,"comment_status":"open","ping_status":"closed","template":"","meta":[],"product_brand":[],"product_cat":[120,129],"product_tag":[],"class_list":{"0":"post-4394","1":"product","2":"type-product","3":"status-publish","4":"has-post-thumbnail","6":"product_cat-raumcontainer","7":"product_cat-buerocontainer","9":"first","10":"instock","11":"shipping-taxable","12":"purchasable","13":"product-type-simple"},"_links":{"self":[{"href":"https:\/\/eurocontain.de\/en\/wp-json\/wp\/v2\/product\/4394","targetHints":{"allow":["GET"]}}],"collection":[{"href":"https:\/\/eurocontain.de\/en\/wp-json\/wp\/v2\/product"}],"about":[{"href":"https:\/\/eurocontain.de\/en\/wp-json\/wp\/v2\/types\/product"}],"replies":[{"embeddable":true,"href":"https:\/\/eurocontain.de\/en\/wp-json\/wp\/v2\/comments?post=4394"}],"wp:featuredmedia":[{"embeddable":true,"href":"https:\/\/eurocontain.de\/en\/wp-json\/wp\/v2\/media\/3747"}],"wp:attachment":[{"href":"https:\/\/eurocontain.de\/en\/wp-json\/wp\/v2\/media?parent=4394"}],"wp:term":[{"taxonomy":"product_brand","embeddable":true,"href":"https:\/\/eurocontain.de\/en\/wp-json\/wp\/v2\/product_brand?post=4394"},{"taxonomy":"product_cat","embeddable":true,"href":"https:\/\/eurocontain.de\/en\/wp-json\/wp\/v2\/product_cat?post=4394"},{"taxonomy":"product_tag","embeddable":true,"href":"https:\/\/eurocontain.de\/en\/wp-json\/wp\/v2\/product_tag?post=4394"}],"curies":[{"name":"wp","href":"https:\/\/api.w.org\/{rel}","templated":true}]}}